{"id":7363,"date":"2023-05-11T06:39:11","date_gmt":"2023-05-11T10:39:11","guid":{"rendered":"https:\/\/optionsforher.org\/informate\/aborto\/"},"modified":"2024-05-09T15:54:59","modified_gmt":"2024-05-09T19:54:59","slug":"aborto","status":"publish","type":"page","link":"https:\/\/optionsforher.org\/es\/informate\/aborto\/","title":{"rendered":"Aborto"},"content":{"rendered":"\n<p>Si est\u00e1s considerando el aborto como una opci\u00f3n, querr\u00e1s informaci\u00f3n r\u00e1pida y precisa que te ayude a decidir. Antes de decidirte, es posible que a\u00fan tengas m\u00e1s preguntas sobre los distintos tipos de procedimientos abortivos. Aqu\u00ed tienes m\u00e1s informaci\u00f3n sobre el aborto que te ayudar\u00e1 a responder a tus preguntas sobre el aborto.<\/p>\n\n<h2 class=\"wp-block-heading\">Tipos de aborto<\/h2>\n\n<h3 class=\"wp-block-heading\">1. El aborto m\u00e9dico (la pastilla abortiva)<\/h3>\n\n<p>Hay dos f\u00e1rmacos utilizados en el proceso de <a href=\"https:\/\/www.mayoclinic.org\/tests-procedures\/medical-abortion\/about\/pac-20394687\" data-wpel-link=\"external\" rel=\"external noopener noreferrer\">aborto m\u00e9dico<\/a> (la pastilla abortiva): mifepristona y misoprostol. <\/p>\n\n<h4 class=\"wp-block-heading\">Mifepristona<\/h4>\n\n<p>Este primer f\u00e1rmaco se toma normalmente en la consulta de un m\u00e9dico o en una cl\u00ednica abortiva. La mifepristona bloquea la hormona progesterona producida en el cuerpo de la mujer durante el embarazo. El bloqueo de esta hormona impide el crecimiento del embri\u00f3n.<\/p>\n\n<h4 class=\"wp-block-heading\">Misoprostol<\/h4>\n\n<p>El misoprostol es el segundo f\u00e1rmaco que se toma durante el proceso de aborto m\u00e9dico y normalmente se toma en casa. Este f\u00e1rmaco hace que el \u00fatero se contraiga y libere el embri\u00f3n a trav\u00e9s de la vagina.<\/p>\n\n<h4 class=\"wp-block-heading\">Los riesgos<\/h4>\n\n<p>Seg\u00fan la <a href=\"https:\/\/www.mayoclinic.org\/tests-procedures\/medical-abortion\/about\/pac-20394687\" data-wpel-link=\"external\" rel=\"external noopener noreferrer\">Cl\u00ednica Mayo<\/a>, los riesgos potenciales del aborto m\u00e9dico incluyen:<\/p>\n\n<ul class=\"wp-block-list\">\n<li>Aborto incompleto, que puede tener que ir seguido de un aborto quir\u00fargico<\/li>\n\n\n\n<li>Un embarazo no deseado continuado si el procedimiento no funciona<\/li>\n\n\n\n<li>Hemorragia intensa y prolongada<\/li>\n\n\n\n<li>Infecci\u00f3n<\/li>\n\n\n\n<li>Fiebre<\/li>\n\n\n\n<li>Molestias del aparato digestivo<\/li>\n<\/ul>\n\n<h3 class=\"wp-block-heading\">2. Aborto quir\u00fargico <\/h3>\n\n<p>Un <a href=\"https:\/\/medlineplus.gov\/ency\/article\/002912.htm\" data-wpel-link=\"external\" rel=\"external noopener noreferrer\">aborto quir\u00fargico<\/a> es mucho m\u00e1s invasivo que un aborto m\u00e9dico y utiliza instrumentos quir\u00fargicos para eliminar el embarazo. La aspiraci\u00f3n endouterina o la dilataci\u00f3n y evacuaci\u00f3n (D y E) son los distintos tipos de aborto en cl\u00ednica.<\/p>\n\n<h4 class=\"wp-block-heading\">Los riesgos<\/h4>\n\n<p>Qu\u00e9 tan avanzado est\u00e9 tu embarazo determinar\u00e1 el tipo de aborto quir\u00fargico que se realice. Los <a href=\"https:\/\/medlineplus.gov\/ency\/article\/002912.htm\" data-wpel-link=\"external\" rel=\"external noopener noreferrer\">riesgos<\/a> habituales del aborto quir\u00fargico son<\/p>\n\n<ul class=\"wp-block-list\">\n<li>Da\u00f1os en la matriz o el cuello uterino<\/li>\n\n\n\n<li>Perforaci\u00f3n uterina<\/li>\n\n\n\n<li>Hemorragia excesiva<\/li>\n\n\n\n<li>Infecci\u00f3n del \u00fatero o de las trompas de Falopio<\/li>\n\n\n\n<li>Cicatrizaci\u00f3n del interior del \u00fatero<\/li>\n\n\n\n<li>Reacci\u00f3n a los f\u00e1rmacos o a la anestesia, como problemas para respirar<\/li>\n\n\n\n<li>No extirpar todo el tejido, lo que requiere otro procedimiento<\/li>\n<\/ul>\n\n<h2 class=\"wp-block-heading\">Conoce todos los hechos<\/h2>\n\n<p>Antes de tomar una decisi\u00f3n que cambiar\u00e1 tu vida, te recomendamos que tomes un par de medidas de confirmaci\u00f3n del embarazo para proteger tu salud. <\/p>\n\n<blockquote class=\"wp-block-quote is-layout-flow wp-block-quote-is-layout-flow\">\n<p>Recuerda que conocer los hechos y los riesgos asociados al aborto es tu derecho como paciente. Cuanto m\u00e1s sepas, m\u00e1s capaz ser\u00e1s de dar los siguientes pasos con confianza. <\/p>\n\n\n\n<p>Estamos aqu\u00ed para revisar todas tus preguntas y ofrecerte una ecograf\u00eda confidencial, sin costo, de segunda visita, para ayudarte en tu decisi\u00f3n. Nuestro apoyo no termina ah\u00ed. Estamos aqu\u00ed para ti, pase lo que pase.<\/p>\n<\/blockquote>\n","protected":false},"excerpt":{"rendered":"<p>Si est\u00e1s considerando el aborto como una opci\u00f3n, querr\u00e1s informaci\u00f3n r\u00e1pida y precisa que te ayude a decidir. Antes de decidirte, es posible que a\u00fan tengas m\u00e1s preguntas sobre los distintos tipos de procedimientos abortivos. Aqu\u00ed tienes m\u00e1s informaci\u00f3n sobre el aborto que te ayudar\u00e1 a responder a tus preguntas sobre el aborto.<\/p>\n","protected":false},"author":12,"featured_media":0,"parent":7328,"menu_order":1,"comment_status":"closed","ping_status":"closed","template":"","meta":{"_acf_changed":false,"footnotes":""},"class_list":["post-7363","page","type-page","status-publish","hentry"],"acf":[],"yoast_head":"<!-- This site is optimized with the Yoast SEO plugin v27.3 - https:\/\/yoast.com\/product\/yoast-seo-wordpress\/ -->\n<title>Aborto | Options for Her | Cherry Hill, Trenton, &amp; Ocean City, NJ<\/title>\n<meta name=\"description\" content=\"Read more about Aborto in this page. Options for Her offers free pregnancy services for women in Cherry Hill, Trenton, and Ocean City, NJ. Contact us.\" \/>\n<meta name=\"robots\" content=\"index, follow, max-snippet:-1, max-image-preview:large, max-video-preview:-1\" \/>\n<link rel=\"canonical\" href=\"https:\/\/optionsforher.org\/es\/informate\/aborto\/\" \/>\n<meta property=\"og:locale\" content=\"es_ES\" \/>\n<meta property=\"og:type\" content=\"article\" \/>\n<meta property=\"og:title\" content=\"Aborto | Options for Her | Cherry Hill, Trenton, &amp; Ocean City, NJ\" \/>\n<meta property=\"og:description\" content=\"Read more about Aborto in this page. Options for Her offers free pregnancy services for women in Cherry Hill, Trenton, and Ocean City, NJ. Contact us.\" \/>\n<meta property=\"og:url\" content=\"https:\/\/optionsforher.org\/es\/informate\/aborto\/\" \/>\n<meta property=\"og:site_name\" content=\"Options for Her\" \/>\n<meta property=\"article:modified_time\" content=\"2024-05-09T19:54:59+00:00\" \/>\n<meta name=\"twitter:card\" content=\"summary_large_image\" \/>\n<meta name=\"twitter:label1\" content=\"Est. reading time\" \/>\n\t<meta name=\"twitter:data1\" content=\"2 minutes\" \/>\n<!-- \/ Yoast SEO plugin. -->","yoast_head_json":{"title":"Aborto | Options for Her | Cherry Hill, Trenton, & Ocean City, NJ","description":"Read more about Aborto in this page. Options for Her offers free pregnancy services for women in Cherry Hill, Trenton, and Ocean City, NJ. Contact us.","robots":{"index":"index","follow":"follow","max-snippet":"max-snippet:-1","max-image-preview":"max-image-preview:large","max-video-preview":"max-video-preview:-1"},"canonical":"https:\/\/optionsforher.org\/es\/informate\/aborto\/","og_locale":"es_ES","og_type":"article","og_title":"Aborto | Options for Her | Cherry Hill, Trenton, & Ocean City, NJ","og_description":"Read more about Aborto in this page. Options for Her offers free pregnancy services for women in Cherry Hill, Trenton, and Ocean City, NJ. Contact us.","og_url":"https:\/\/optionsforher.org\/es\/informate\/aborto\/","og_site_name":"Options for Her","article_modified_time":"2024-05-09T19:54:59+00:00","twitter_card":"summary_large_image","twitter_misc":{"Est. reading time":"2 minutes"},"schema":{"@context":"https:\/\/schema.org","@graph":[{"@type":"WebPage","@id":"https:\/\/optionsforher.org\/es\/informate\/aborto\/","url":"https:\/\/optionsforher.org\/es\/informate\/aborto\/","name":"Aborto | Options for Her | Cherry Hill, Trenton, & Ocean City, NJ","isPartOf":{"@id":"https:\/\/optionsforher.org\/#website"},"datePublished":"2023-05-11T10:39:11+00:00","dateModified":"2024-05-09T19:54:59+00:00","description":"Read more about Aborto in this page. Options for Her offers free pregnancy services for women in Cherry Hill, Trenton, and Ocean City, NJ. Contact us.","breadcrumb":{"@id":"https:\/\/optionsforher.org\/es\/informate\/aborto\/#breadcrumb"},"inLanguage":"es-ES","potentialAction":[{"@type":"ReadAction","target":["https:\/\/optionsforher.org\/es\/informate\/aborto\/"]}]},{"@type":"BreadcrumbList","@id":"https:\/\/optionsforher.org\/es\/informate\/aborto\/#breadcrumb","itemListElement":[{"@type":"ListItem","position":1,"name":"Home","item":"https:\/\/optionsforher.org\/es\/"},{"@type":"ListItem","position":2,"name":"Inf\u00f3rmate","item":"https:\/\/optionsforher.org\/es\/informate\/"},{"@type":"ListItem","position":3,"name":"Aborto"}]},{"@type":"WebSite","@id":"https:\/\/optionsforher.org\/#website","url":"https:\/\/optionsforher.org\/","name":"Options for Her","description":"","potentialAction":[{"@type":"SearchAction","target":{"@type":"EntryPoint","urlTemplate":"https:\/\/optionsforher.org\/?s={search_term_string}"},"query-input":{"@type":"PropertyValueSpecification","valueRequired":true,"valueName":"search_term_string"}}],"inLanguage":"es-ES"}]}},"_links":{"self":[{"href":"https:\/\/optionsforher.org\/es\/wp-json\/wp\/v2\/pages\/7363","targetHints":{"allow":["GET"]}}],"collection":[{"href":"https:\/\/optionsforher.org\/es\/wp-json\/wp\/v2\/pages"}],"about":[{"href":"https:\/\/optionsforher.org\/es\/wp-json\/wp\/v2\/types\/page"}],"author":[{"embeddable":true,"href":"https:\/\/optionsforher.org\/es\/wp-json\/wp\/v2\/users\/12"}],"replies":[{"embeddable":true,"href":"https:\/\/optionsforher.org\/es\/wp-json\/wp\/v2\/comments?post=7363"}],"version-history":[{"count":5,"href":"https:\/\/optionsforher.org\/es\/wp-json\/wp\/v2\/pages\/7363\/revisions"}],"predecessor-version":[{"id":7460,"href":"https:\/\/optionsforher.org\/es\/wp-json\/wp\/v2\/pages\/7363\/revisions\/7460"}],"up":[{"embeddable":true,"href":"https:\/\/optionsforher.org\/es\/wp-json\/wp\/v2\/pages\/7328"}],"wp:attachment":[{"href":"https:\/\/optionsforher.org\/es\/wp-json\/wp\/v2\/media?parent=7363"}],"curies":[{"name":"wp","href":"https:\/\/api.w.org\/{rel}","templated":true}]}}