{"id":7358,"date":"2023-05-11T06:40:13","date_gmt":"2023-05-11T10:40:13","guid":{"rendered":"https:\/\/optionsforher.org\/informate\/ser-padres\/"},"modified":"2024-05-09T16:28:36","modified_gmt":"2024-05-09T20:28:36","slug":"ser-padres","status":"publish","type":"page","link":"https:\/\/optionsforher.org\/es\/informate\/ser-padres\/","title":{"rendered":"La paternidad"},"content":{"rendered":"\n<p>La paternidad no es una elecci\u00f3n f\u00e1cil de tomar, especialmente cuando se trata de un embarazo no planificado. Puede que te sientas poco cualificada o equipada. Sin embargo, eres m\u00e1s fuerte de lo que crees. Podr\u00edas tener preguntas como&#8230;<\/p>\n\n<ul class=\"wp-block-list\">\n<li>\u00bfC\u00f3mo puedo mantener econ\u00f3micamente a un ni\u00f1o?<\/li>\n\n\n\n<li>\u00bfPuedo criar a mi ni\u00f1o y seguir estudiando?<\/li>\n\n\n\n<li>\u00bfMe apoyar\u00e1 mi pareja?<\/li>\n\n\n\n<li>\u00bfY el cuidado de los ni\u00f1os?<\/li>\n\n\n\n<li>\u00bfC\u00f3mo cuido a un beb\u00e9?<\/li>\n\n\n\n<li>\u00bfDe qu\u00e9 apoyo material se dispone?<\/li>\n<\/ul>\n\n<p>Todas estas preguntas son buenas para hac\u00e9rtelas a ti misma, \u00a1y podemos ayudarte a navegar por ellas! Comprende mejor todos los recursos y apoyo disponibles antes de decidirte a criar a tu ni\u00f1o.<\/p>\n\n<h2 class=\"wp-block-heading\">Si\u00e9ntete preparada para ser madre<\/h2>\n\n<p>Nuestro equipo tiene herramientas para ayudarte a afrontar los retos de la paternidad, incluida la tutor\u00eda de paternidad individual a petici\u00f3n tuya. Ofrecemos ex\u00e1menes del estado de \u00e1nimo a las madres durante el embarazo y despu\u00e9s del parto para detectar un trastorno del estado de \u00e1nimo antes de que se produzca. <\/p>\n\n<p>Nuestros navegadores est\u00e1n formados para orientar a los padres sobre los numerosos recursos comunitarios disponibles. Ofrecemos clases de habilidades parentales que son interactivas y divertidas. Lejos de ser programas prefabricados, nuestras clases y talleres est\u00e1n dise\u00f1ados para alcanzar tus objetivos. Ofrecemos clases durante todo el a\u00f1o en nuestro centro. Son gratuitos y abiertos a la comunidad para quienes se inscriban con antelaci\u00f3n.<\/p>\n\n<h2 class=\"wp-block-heading\">Clases gratuitas para padres<\/h2>\n\n<p>Ofrecemos clases continuas de habilidades parentales. Hay apoyo para mam\u00e1s y pap\u00e1s para ayudarte con el trabajo m\u00e1s duro que jam\u00e1s amar\u00e1s:<\/p>\n\n<ul class=\"wp-block-list\">\n<li>Grupo de apoyo para madres adolescentes <em>(Nuevo<\/em>)<\/li>\n\n\n\n<li>Programa de tutor\u00eda paterna <em>(Nuevo<\/em>)<\/li>\n\n\n\n<li>Clase de Parto<\/li>\n\n\n\n<li>Lamaze y t\u00e9cnicas de respiraci\u00f3n<\/li>\n\n\n\n<li>Conceptos b\u00e1sicos del beb\u00e9 (cuidados infantiles)<\/li>\n\n\n\n<li>Detecci\u00f3n del estado de \u00e1nimo posparto<\/li>\n\n\n\n<li>Clase de lactancia materna<\/li>\n\n\n\n<li>Talleres para padres<\/li>\n\n\n\n<li>Presupuesto y gesti\u00f3n del dinero<\/li>\n\n\n\n<li><strong>Pr\u00f3ximamente:<\/strong> Servicios gratuitos de apoyo doula<\/li>\n<\/ul>\n\n<h2 class=\"wp-block-heading\">M\u00e1s recursos comunitarios <\/h2>\n\n<p>Nuestros navegadores tambi\u00e9n pueden informarte sobre otros recursos comunitarios de tu zona. Estos son algunos ejemplos de los tipos de recursos que hay en tu zona que tal vez ni siquiera conozcas:<\/p>\n\n<ul class=\"wp-block-list\">\n<li>Problemas con el seguro m\u00e9dico<\/li>\n\n\n\n<li>Localizar m\u00e9dicos \/ proveedores prenatales<\/li>\n\n\n\n<li>Transporte<\/li>\n\n\n\n<li>Donaciones de ropa<\/li>\n\n\n\n<li>Grupos de apoyo<\/li>\n\n\n\n<li>Servicios de Salud Mental y Adicciones<\/li>\n\n\n\n<li>Apoyo espiritual<\/li>\n\n\n\n<li>Remisiones de viviendas<\/li>\n\n\n\n<li>Remisiones del Condado (WIC, Servicios Familiares)<\/li>\n\n\n\n<li>Apoyo en el duelo<\/li>\n<\/ul>\n\n<p><a href=\"https:\/\/optionsforher.org\/es\/ponte-en-contacto-con\/\" data-wpel-link=\"internal\">Ponte en contacto con<\/a> nuestro equipo hoy mismo para explorar la opci\u00f3n de la paternidad y saber m\u00e1s sobre lo que te espera en tu viaje \u00fanico.<\/p>\n","protected":false},"excerpt":{"rendered":"<p>La paternidad no es una elecci\u00f3n f\u00e1cil de tomar, especialmente cuando se trata de un embarazo no planificado. Puede que te sientas poco cualificada o equipada. Sin embargo, eres m\u00e1s fuerte de lo que crees. \u00a1Podemos ayudarte a resolver las dudas que tengas!<\/p>\n","protected":false},"author":12,"featured_media":0,"parent":7328,"menu_order":3,"comment_status":"closed","ping_status":"closed","template":"","meta":{"_acf_changed":false,"footnotes":""},"class_list":["post-7358","page","type-page","status-publish","hentry"],"acf":[],"yoast_head":"<!-- This site is optimized with the Yoast SEO plugin v27.4 - https:\/\/yoast.com\/product\/yoast-seo-wordpress\/ -->\n<title>La paternidad | Options for Her | Cherry Hill, Trenton, &amp; Ocean City, NJ<\/title>\n<meta name=\"description\" content=\"Read more about La paternidad in this page. Options for Her offers free pregnancy services for women in Cherry Hill, Trenton, and Ocean City, NJ. Contact us.\" \/>\n<meta name=\"robots\" content=\"index, follow, max-snippet:-1, max-image-preview:large, max-video-preview:-1\" \/>\n<link rel=\"canonical\" href=\"https:\/\/optionsforher.org\/es\/informate\/ser-padres\/\" \/>\n<meta property=\"og:locale\" content=\"es_ES\" \/>\n<meta property=\"og:type\" content=\"article\" \/>\n<meta property=\"og:title\" content=\"La paternidad | Options for Her | Cherry Hill, Trenton, &amp; Ocean City, NJ\" \/>\n<meta property=\"og:description\" content=\"Read more about La paternidad in this page. Options for Her offers free pregnancy services for women in Cherry Hill, Trenton, and Ocean City, NJ. Contact us.\" \/>\n<meta property=\"og:url\" content=\"https:\/\/optionsforher.org\/es\/informate\/ser-padres\/\" \/>\n<meta property=\"og:site_name\" content=\"Options for Her\" \/>\n<meta property=\"article:modified_time\" content=\"2024-05-09T20:28:36+00:00\" \/>\n<meta name=\"twitter:card\" content=\"summary_large_image\" \/>\n<meta name=\"twitter:label1\" content=\"Est. reading time\" \/>\n\t<meta name=\"twitter:data1\" content=\"2 minutes\" \/>\n<!-- \/ Yoast SEO plugin. -->","yoast_head_json":{"title":"La paternidad | Options for Her | Cherry Hill, Trenton, & Ocean City, NJ","description":"Read more about La paternidad in this page. Options for Her offers free pregnancy services for women in Cherry Hill, Trenton, and Ocean City, NJ. Contact us.","robots":{"index":"index","follow":"follow","max-snippet":"max-snippet:-1","max-image-preview":"max-image-preview:large","max-video-preview":"max-video-preview:-1"},"canonical":"https:\/\/optionsforher.org\/es\/informate\/ser-padres\/","og_locale":"es_ES","og_type":"article","og_title":"La paternidad | Options for Her | Cherry Hill, Trenton, & Ocean City, NJ","og_description":"Read more about La paternidad in this page. Options for Her offers free pregnancy services for women in Cherry Hill, Trenton, and Ocean City, NJ. Contact us.","og_url":"https:\/\/optionsforher.org\/es\/informate\/ser-padres\/","og_site_name":"Options for Her","article_modified_time":"2024-05-09T20:28:36+00:00","twitter_card":"summary_large_image","twitter_misc":{"Est. reading time":"2 minutes"},"schema":{"@context":"https:\/\/schema.org","@graph":[{"@type":"WebPage","@id":"https:\/\/optionsforher.org\/es\/informate\/ser-padres\/","url":"https:\/\/optionsforher.org\/es\/informate\/ser-padres\/","name":"La paternidad | Options for Her | Cherry Hill, Trenton, & Ocean City, NJ","isPartOf":{"@id":"https:\/\/optionsforher.org\/#website"},"datePublished":"2023-05-11T10:40:13+00:00","dateModified":"2024-05-09T20:28:36+00:00","description":"Read more about La paternidad in this page. Options for Her offers free pregnancy services for women in Cherry Hill, Trenton, and Ocean City, NJ. Contact us.","breadcrumb":{"@id":"https:\/\/optionsforher.org\/es\/informate\/ser-padres\/#breadcrumb"},"inLanguage":"es-ES","potentialAction":[{"@type":"ReadAction","target":["https:\/\/optionsforher.org\/es\/informate\/ser-padres\/"]}]},{"@type":"BreadcrumbList","@id":"https:\/\/optionsforher.org\/es\/informate\/ser-padres\/#breadcrumb","itemListElement":[{"@type":"ListItem","position":1,"name":"Home","item":"https:\/\/optionsforher.org\/es\/"},{"@type":"ListItem","position":2,"name":"Inf\u00f3rmate","item":"https:\/\/optionsforher.org\/es\/informate\/"},{"@type":"ListItem","position":3,"name":"La paternidad"}]},{"@type":"WebSite","@id":"https:\/\/optionsforher.org\/#website","url":"https:\/\/optionsforher.org\/","name":"Options for Her","description":"","potentialAction":[{"@type":"SearchAction","target":{"@type":"EntryPoint","urlTemplate":"https:\/\/optionsforher.org\/?s={search_term_string}"},"query-input":{"@type":"PropertyValueSpecification","valueRequired":true,"valueName":"search_term_string"}}],"inLanguage":"es-ES"}]}},"_links":{"self":[{"href":"https:\/\/optionsforher.org\/es\/wp-json\/wp\/v2\/pages\/7358","targetHints":{"allow":["GET"]}}],"collection":[{"href":"https:\/\/optionsforher.org\/es\/wp-json\/wp\/v2\/pages"}],"about":[{"href":"https:\/\/optionsforher.org\/es\/wp-json\/wp\/v2\/types\/page"}],"author":[{"embeddable":true,"href":"https:\/\/optionsforher.org\/es\/wp-json\/wp\/v2\/users\/12"}],"replies":[{"embeddable":true,"href":"https:\/\/optionsforher.org\/es\/wp-json\/wp\/v2\/comments?post=7358"}],"version-history":[{"count":4,"href":"https:\/\/optionsforher.org\/es\/wp-json\/wp\/v2\/pages\/7358\/revisions"}],"predecessor-version":[{"id":7472,"href":"https:\/\/optionsforher.org\/es\/wp-json\/wp\/v2\/pages\/7358\/revisions\/7472"}],"up":[{"embeddable":true,"href":"https:\/\/optionsforher.org\/es\/wp-json\/wp\/v2\/pages\/7328"}],"wp:attachment":[{"href":"https:\/\/optionsforher.org\/es\/wp-json\/wp\/v2\/media?parent=7358"}],"curies":[{"name":"wp","href":"https:\/\/api.w.org\/{rel}","templated":true}]}}