{"id":7357,"date":"2023-05-11T06:33:27","date_gmt":"2023-05-11T10:33:27","guid":{"rendered":"https:\/\/optionsforher.org\/embarazada\/"},"modified":"2024-05-09T15:39:26","modified_gmt":"2024-05-09T19:39:26","slug":"embarazada","status":"publish","type":"page","link":"https:\/\/optionsforher.org\/es\/embarazada\/","title":{"rendered":"\u00bfEmbarazada?"},"content":{"rendered":"\n<p>\u00bfCrees que est\u00e1s embarazada? Darte cuenta de que puedes estar experimentando un embarazo no planificado puede resultar desalentador y confuso. Aunque ahora mismo pueda parecer abrumador, con el apoyo y la direcci\u00f3n adecuados, puedes obtener las respuestas que necesitas para seguir adelante.<\/p>\n\n<h2 class=\"wp-block-heading\">S\u00edntomas comunes del embarazo<\/h2>\n\n<p>El signo m\u00e1s frecuente de embarazo es la ausencia de menstruaci\u00f3n. Puede ser el primer s\u00edntoma que experimentes. Si tu ciclo es normalmente irregular, puede ser dif\u00edcil saber cu\u00e1ndo debes esperar la menstruaci\u00f3n. Otros s\u00edntomas frecuentes del embarazo<a href=\"https:\/\/www.mayoclinic.org\/healthy-lifestyle\/getting-pregnant\/in-depth\/symptoms-of-pregnancy\/art-20043853\" data-wpel-link=\"external\" rel=\"external noopener noreferrer\"> son<\/a><\/p>\n\n<ul class=\"wp-block-list\">\n<li>Pechos sensibles e hinchados<\/li>\n\n\n\n<li>N\u00e1useas con o sin v\u00f3mitos<\/li>\n\n\n\n<li>Orinar m\u00e1s a menudo de lo habitual<\/li>\n\n\n\n<li>Fatiga<\/li>\n\n\n\n<li>Cambios de humor<\/li>\n\n\n\n<li>Hinchaz\u00f3n<\/li>\n\n\n\n<li>Ligeras manchas<\/li>\n\n\n\n<li>Calambres<\/li>\n\n\n\n<li>Estre\u00f1imiento<\/li>\n\n\n\n<li>Aversiones alimentarias<\/li>\n<\/ul>\n\n<h2 class=\"wp-block-heading\">Primero, una prueba de embarazo<\/h2>\n\n<p>Los s\u00edntomas de embarazo pueden ser un indicador poco fiable del embarazo. Muchos s\u00edntomas del embarazo son similares a los s\u00edntomas premenstruales, por lo que es dif\u00edcil saber si los s\u00edntomas son del embarazo o si est\u00e1s a punto de empezar la menstruaci\u00f3n. Signos como la fatiga o las n\u00e1useas tambi\u00e9n pueden ser s\u00edntomas de enfermedad. <\/p>\n\n<p>Puede ser dif\u00edcil esperar un buen momento para hacerte una prueba de embarazo si crees que puedes estar embarazada. Realizar una prueba de embarazo demasiado pronto puede provocar un falso negativo, por lo que es importante esperar al menos una semana despu\u00e9s de la falta antes de realizar la prueba. <\/p>\n\n<h2 class=\"wp-block-heading\">Aqu\u00ed para ayudar<\/h2>\n\n<p>Una vez que hayas confirmado tu embarazo con las pruebas de embarazo gratuitas y confidenciales de nuestro centro, tambi\u00e9n ofrecemos ecograf\u00edas gratuitas para que puedas saber en qu\u00e9 punto se encuentra la salud de tu embarazo. Tambi\u00e9n podemos hablar de todas las opciones que tienes para tu embarazo y ayudarte a resolver algunas de tus preguntas m\u00e1s acuciantes.<\/p>\n\n<p>Si est\u00e1s o crees que puedes estar embarazada y no sabes qu\u00e9 hacer, queremos ayudarte. <a href=\"https:\/\/optionsforher.org\/es\/ponte-en-contacto-con\/\" data-wpel-link=\"internal\">Programa<\/a> una cita hoy mismo para hablar con un navegador de embarazos sobre los recursos que tienes a tu disposici\u00f3n.<\/p>\n\n<h2 class=\"wp-block-heading\">Ayuda durante el embarazo<\/h2>\n\n<p>\u00bfTe preocupa pasar sola por el embarazo? Options for Her siempre tiene una puerta abierta y un o\u00eddo atento, y respondemos a cualquier pregunta que tengas. Estamos aqu\u00ed para apoyarte mientras procesas tus opciones y emociones durante este tiempo y despu\u00e9s. Nos comprometemos a garantizar que no pases por esto sola.<\/p>\n","protected":false},"excerpt":{"rendered":"<p>\u00bfCrees que est\u00e1s embarazada? Darte cuenta de que puedes estar experimentando un embarazo no planificado puede resultar desalentador y confuso. Aunque ahora mismo pueda parecer abrumador, con el apoyo y la direcci\u00f3n adecuados, puedes obtener las respuestas que necesitas para seguir adelante. S\u00edntomas comunes del embarazo El signo m\u00e1s frecuente de embarazo es la ausencia<\/p>\n","protected":false},"author":12,"featured_media":0,"parent":0,"menu_order":0,"comment_status":"closed","ping_status":"closed","template":"","meta":{"_acf_changed":false,"footnotes":""},"class_list":["post-7357","page","type-page","status-publish","hentry"],"acf":[],"yoast_head":"<!-- This site is optimized with the Yoast SEO plugin v27.4 - https:\/\/yoast.com\/product\/yoast-seo-wordpress\/ -->\n<title>\u00bfEmbarazada? | Options for Her | Cherry Hill, Trenton, &amp; Ocean City, NJ<\/title>\n<meta name=\"description\" content=\"Read more about \u00bfEmbarazada? in this page. Options for Her offers free pregnancy services for women in Cherry Hill, Trenton, and Ocean City, NJ. Contact us.\" \/>\n<meta name=\"robots\" content=\"index, follow, max-snippet:-1, max-image-preview:large, max-video-preview:-1\" \/>\n<link rel=\"canonical\" href=\"https:\/\/optionsforher.org\/es\/embarazada\/\" \/>\n<meta property=\"og:locale\" content=\"es_ES\" \/>\n<meta property=\"og:type\" content=\"article\" \/>\n<meta property=\"og:title\" content=\"\u00bfEmbarazada? | Options for Her | Cherry Hill, Trenton, &amp; Ocean City, NJ\" \/>\n<meta property=\"og:description\" content=\"Read more about \u00bfEmbarazada? in this page. Options for Her offers free pregnancy services for women in Cherry Hill, Trenton, and Ocean City, NJ. Contact us.\" \/>\n<meta property=\"og:url\" content=\"https:\/\/optionsforher.org\/es\/embarazada\/\" \/>\n<meta property=\"og:site_name\" content=\"Options for Her\" \/>\n<meta property=\"article:modified_time\" content=\"2024-05-09T19:39:26+00:00\" \/>\n<meta name=\"twitter:card\" content=\"summary_large_image\" \/>\n<meta name=\"twitter:label1\" content=\"Est. reading time\" \/>\n\t<meta name=\"twitter:data1\" content=\"2 minutes\" \/>\n<!-- \/ Yoast SEO plugin. -->","yoast_head_json":{"title":"\u00bfEmbarazada? | Options for Her | Cherry Hill, Trenton, & Ocean City, NJ","description":"Read more about \u00bfEmbarazada? in this page. Options for Her offers free pregnancy services for women in Cherry Hill, Trenton, and Ocean City, NJ. Contact us.","robots":{"index":"index","follow":"follow","max-snippet":"max-snippet:-1","max-image-preview":"max-image-preview:large","max-video-preview":"max-video-preview:-1"},"canonical":"https:\/\/optionsforher.org\/es\/embarazada\/","og_locale":"es_ES","og_type":"article","og_title":"\u00bfEmbarazada? | Options for Her | Cherry Hill, Trenton, & Ocean City, NJ","og_description":"Read more about \u00bfEmbarazada? in this page. Options for Her offers free pregnancy services for women in Cherry Hill, Trenton, and Ocean City, NJ. Contact us.","og_url":"https:\/\/optionsforher.org\/es\/embarazada\/","og_site_name":"Options for Her","article_modified_time":"2024-05-09T19:39:26+00:00","twitter_card":"summary_large_image","twitter_misc":{"Est. reading time":"2 minutes"},"schema":{"@context":"https:\/\/schema.org","@graph":[{"@type":"WebPage","@id":"https:\/\/optionsforher.org\/es\/embarazada\/","url":"https:\/\/optionsforher.org\/es\/embarazada\/","name":"\u00bfEmbarazada? | Options for Her | Cherry Hill, Trenton, & Ocean City, NJ","isPartOf":{"@id":"https:\/\/optionsforher.org\/#website"},"datePublished":"2023-05-11T10:33:27+00:00","dateModified":"2024-05-09T19:39:26+00:00","description":"Read more about \u00bfEmbarazada? in this page. Options for Her offers free pregnancy services for women in Cherry Hill, Trenton, and Ocean City, NJ. Contact us.","breadcrumb":{"@id":"https:\/\/optionsforher.org\/es\/embarazada\/#breadcrumb"},"inLanguage":"es-ES","potentialAction":[{"@type":"ReadAction","target":["https:\/\/optionsforher.org\/es\/embarazada\/"]}]},{"@type":"BreadcrumbList","@id":"https:\/\/optionsforher.org\/es\/embarazada\/#breadcrumb","itemListElement":[{"@type":"ListItem","position":1,"name":"Home","item":"https:\/\/optionsforher.org\/es\/"},{"@type":"ListItem","position":2,"name":"\u00bfEmbarazada?"}]},{"@type":"WebSite","@id":"https:\/\/optionsforher.org\/#website","url":"https:\/\/optionsforher.org\/","name":"Options for Her","description":"","potentialAction":[{"@type":"SearchAction","target":{"@type":"EntryPoint","urlTemplate":"https:\/\/optionsforher.org\/?s={search_term_string}"},"query-input":{"@type":"PropertyValueSpecification","valueRequired":true,"valueName":"search_term_string"}}],"inLanguage":"es-ES"}]}},"_links":{"self":[{"href":"https:\/\/optionsforher.org\/es\/wp-json\/wp\/v2\/pages\/7357","targetHints":{"allow":["GET"]}}],"collection":[{"href":"https:\/\/optionsforher.org\/es\/wp-json\/wp\/v2\/pages"}],"about":[{"href":"https:\/\/optionsforher.org\/es\/wp-json\/wp\/v2\/types\/page"}],"author":[{"embeddable":true,"href":"https:\/\/optionsforher.org\/es\/wp-json\/wp\/v2\/users\/12"}],"replies":[{"embeddable":true,"href":"https:\/\/optionsforher.org\/es\/wp-json\/wp\/v2\/comments?post=7357"}],"version-history":[{"count":6,"href":"https:\/\/optionsforher.org\/es\/wp-json\/wp\/v2\/pages\/7357\/revisions"}],"predecessor-version":[{"id":7458,"href":"https:\/\/optionsforher.org\/es\/wp-json\/wp\/v2\/pages\/7357\/revisions\/7458"}],"wp:attachment":[{"href":"https:\/\/optionsforher.org\/es\/wp-json\/wp\/v2\/media?parent=7357"}],"curies":[{"name":"wp","href":"https:\/\/api.w.org\/{rel}","templated":true}]}}