{"id":7352,"date":"2023-05-11T06:40:20","date_gmt":"2023-05-11T10:40:20","guid":{"rendered":"https:\/\/optionsforher.org\/informate\/adopcion\/"},"modified":"2024-05-09T16:13:47","modified_gmt":"2024-05-09T20:13:47","slug":"adopcion","status":"publish","type":"page","link":"https:\/\/optionsforher.org\/es\/informate\/adopcion\/","title":{"rendered":"Adopci\u00f3n"},"content":{"rendered":"\n<h2 class=\"wp-block-heading\">\u00bfEst\u00e1s pensando en optar por la adopci\u00f3n?<\/h2>\n\n<p>&#8220;Nunca podr\u00eda gestar un beb\u00e9 y luego darlo en adopci\u00f3n&#8230;&#8221; \u00bfAlguna vez te has sentido as\u00ed respecto a la adopci\u00f3n? La adopci\u00f3n moderna ha cambiado. T\u00fa tienes el control. Puedes elegir el mejor plan para ti y para tu beb\u00e9. <\/p>\n\n<p>Ven y re\u00fanete con alguien que pueda orientarte sobre la gran variedad de opciones que tienes a tu disposici\u00f3n. Esto es lo que algunas madres tienen que decir sobre sus elecciones de adopci\u00f3n:<\/p>\n\n<p>&#8220;Como madre biol\u00f3gica, s\u00e9 que dar a un ni\u00f1o en adopci\u00f3n &#8211; un ni\u00f1o al que no puedes cuidar adecuadamente &#8211; es lo m\u00e1s desinteresado que una madre biol\u00f3gica puede hacer por su hijo.&#8221;<\/p>\n\n<p>&#8220;El amor que sent\u00eda por mi beb\u00e9 me dio el valor que necesitaba para tomar una decisi\u00f3n dif\u00edcil, pero es una decisi\u00f3n de la que nunca me he arrepentido. Mi hija est\u00e1 viva gracias a m\u00ed y est\u00e1 creciendo en una familia cari\u00f1osa. Antepuse las necesidades de mi beb\u00e9 a las m\u00edas y s\u00e9 que fue lo m\u00e1s dif\u00edcil y lo mejor que pude hacer por ella.&#8221;<\/p>\n\n<p>&#8220;No eleg\u00ed la adopci\u00f3n porque no quisiera a mi beb\u00e9. Fue porque yo lo hice.&#8221;<\/p>\n\n<h2 class=\"wp-block-heading\">Un plan de adopci\u00f3n que funciona para ti<\/h2>\n\n<p>Hay tres tipos de planes de adopci\u00f3n: adopci\u00f3n abierta, cerrada y semiabierta. Cada uno var\u00eda en el acceso que tienes a la familia adoptiva y a tu hijo en funci\u00f3n de tus circunstancias particulares. <\/p>\n\n<p>La adopci\u00f3n abierta es el tipo m\u00e1s com\u00fan, ya que da a las madres la posibilidad de mantener una relaci\u00f3n abierta con su hijo, as\u00ed como con la familia adoptiva. <\/p>\n\n<h2 class=\"wp-block-heading\">Asesoramiento gratuito sobre opciones<\/h2>\n\n<p>La adopci\u00f3n puede ser una decisi\u00f3n dif\u00edcil para las madres, ya que no es un camino f\u00e1cil. Nuestros navegadores te proporcionan el apoyo que necesitas cuando te enfrentas a la elecci\u00f3n correcta para tu beb\u00e9, exponi\u00e9ndote claramente las opciones de que dispones y poni\u00e9ndote en contacto con los organismos adecuados. <\/p>\n\n<p>Decidas lo que decidas, abogamos por ti. Ayudaremos a que tu hijo tenga la oportunidad de un futuro seguro y feliz.<\/p>\n\n<p><a href=\"https:\/\/optionsforher.org\/es\/ponte-en-contacto-con\/\" data-wpel-link=\"internal\">Habla con nosotros<\/a> hoy para hablar de la adopci\u00f3n y de tus otras opciones de embarazo sin presiones ni juicios. <\/p>\n","protected":false},"excerpt":{"rendered":"<p>&#8220;Nunca podr\u00eda gestar un beb\u00e9 y luego darlo en adopci\u00f3n&#8230;&#8221; \u00bfAlguna vez te has sentido as\u00ed respecto a la adopci\u00f3n? La adopci\u00f3n moderna ha cambiado. T\u00fa tienes el control. Puedes elegir el mejor plan para ti y para tu beb\u00e9. <\/p>\n","protected":false},"author":12,"featured_media":0,"parent":7328,"menu_order":2,"comment_status":"closed","ping_status":"closed","template":"","meta":{"_acf_changed":false,"footnotes":""},"class_list":["post-7352","page","type-page","status-publish","hentry"],"acf":[],"yoast_head":"<!-- This site is optimized with the Yoast SEO plugin v27.3 - https:\/\/yoast.com\/product\/yoast-seo-wordpress\/ -->\n<title>Adopci\u00f3n | Options for Her | Cherry Hill, Trenton, &amp; Ocean City, NJ<\/title>\n<meta name=\"description\" content=\"Read more about Adopci\u00f3n in this page. Options for Her offers free pregnancy services for women in Cherry Hill, Trenton, and Ocean City, NJ. Contact us.\" \/>\n<meta name=\"robots\" content=\"index, follow, max-snippet:-1, max-image-preview:large, max-video-preview:-1\" \/>\n<link rel=\"canonical\" href=\"https:\/\/optionsforher.org\/es\/informate\/adopcion\/\" \/>\n<meta property=\"og:locale\" content=\"es_ES\" \/>\n<meta property=\"og:type\" content=\"article\" \/>\n<meta property=\"og:title\" content=\"Adopci\u00f3n | Options for Her | Cherry Hill, Trenton, &amp; Ocean City, NJ\" \/>\n<meta property=\"og:description\" content=\"Read more about Adopci\u00f3n in this page. Options for Her offers free pregnancy services for women in Cherry Hill, Trenton, and Ocean City, NJ. Contact us.\" \/>\n<meta property=\"og:url\" content=\"https:\/\/optionsforher.org\/es\/informate\/adopcion\/\" \/>\n<meta property=\"og:site_name\" content=\"Options for Her\" \/>\n<meta property=\"article:modified_time\" content=\"2024-05-09T20:13:47+00:00\" \/>\n<meta name=\"twitter:card\" content=\"summary_large_image\" \/>\n<meta name=\"twitter:label1\" content=\"Est. reading time\" \/>\n\t<meta name=\"twitter:data1\" content=\"2 minutes\" \/>\n<!-- \/ Yoast SEO plugin. -->","yoast_head_json":{"title":"Adopci\u00f3n | Options for Her | Cherry Hill, Trenton, & Ocean City, NJ","description":"Read more about Adopci\u00f3n in this page. Options for Her offers free pregnancy services for women in Cherry Hill, Trenton, and Ocean City, NJ. Contact us.","robots":{"index":"index","follow":"follow","max-snippet":"max-snippet:-1","max-image-preview":"max-image-preview:large","max-video-preview":"max-video-preview:-1"},"canonical":"https:\/\/optionsforher.org\/es\/informate\/adopcion\/","og_locale":"es_ES","og_type":"article","og_title":"Adopci\u00f3n | Options for Her | Cherry Hill, Trenton, & Ocean City, NJ","og_description":"Read more about Adopci\u00f3n in this page. Options for Her offers free pregnancy services for women in Cherry Hill, Trenton, and Ocean City, NJ. Contact us.","og_url":"https:\/\/optionsforher.org\/es\/informate\/adopcion\/","og_site_name":"Options for Her","article_modified_time":"2024-05-09T20:13:47+00:00","twitter_card":"summary_large_image","twitter_misc":{"Est. reading time":"2 minutes"},"schema":{"@context":"https:\/\/schema.org","@graph":[{"@type":"WebPage","@id":"https:\/\/optionsforher.org\/es\/informate\/adopcion\/","url":"https:\/\/optionsforher.org\/es\/informate\/adopcion\/","name":"Adopci\u00f3n | Options for Her | Cherry Hill, Trenton, & Ocean City, NJ","isPartOf":{"@id":"https:\/\/optionsforher.org\/#website"},"datePublished":"2023-05-11T10:40:20+00:00","dateModified":"2024-05-09T20:13:47+00:00","description":"Read more about Adopci\u00f3n in this page. Options for Her offers free pregnancy services for women in Cherry Hill, Trenton, and Ocean City, NJ. Contact us.","breadcrumb":{"@id":"https:\/\/optionsforher.org\/es\/informate\/adopcion\/#breadcrumb"},"inLanguage":"es-ES","potentialAction":[{"@type":"ReadAction","target":["https:\/\/optionsforher.org\/es\/informate\/adopcion\/"]}]},{"@type":"BreadcrumbList","@id":"https:\/\/optionsforher.org\/es\/informate\/adopcion\/#breadcrumb","itemListElement":[{"@type":"ListItem","position":1,"name":"Home","item":"https:\/\/optionsforher.org\/es\/"},{"@type":"ListItem","position":2,"name":"Inf\u00f3rmate","item":"https:\/\/optionsforher.org\/es\/informate\/"},{"@type":"ListItem","position":3,"name":"Adopci\u00f3n"}]},{"@type":"WebSite","@id":"https:\/\/optionsforher.org\/#website","url":"https:\/\/optionsforher.org\/","name":"Options for Her","description":"","potentialAction":[{"@type":"SearchAction","target":{"@type":"EntryPoint","urlTemplate":"https:\/\/optionsforher.org\/?s={search_term_string}"},"query-input":{"@type":"PropertyValueSpecification","valueRequired":true,"valueName":"search_term_string"}}],"inLanguage":"es-ES"}]}},"_links":{"self":[{"href":"https:\/\/optionsforher.org\/es\/wp-json\/wp\/v2\/pages\/7352","targetHints":{"allow":["GET"]}}],"collection":[{"href":"https:\/\/optionsforher.org\/es\/wp-json\/wp\/v2\/pages"}],"about":[{"href":"https:\/\/optionsforher.org\/es\/wp-json\/wp\/v2\/types\/page"}],"author":[{"embeddable":true,"href":"https:\/\/optionsforher.org\/es\/wp-json\/wp\/v2\/users\/12"}],"replies":[{"embeddable":true,"href":"https:\/\/optionsforher.org\/es\/wp-json\/wp\/v2\/comments?post=7352"}],"version-history":[{"count":6,"href":"https:\/\/optionsforher.org\/es\/wp-json\/wp\/v2\/pages\/7352\/revisions"}],"predecessor-version":[{"id":7468,"href":"https:\/\/optionsforher.org\/es\/wp-json\/wp\/v2\/pages\/7352\/revisions\/7468"}],"up":[{"embeddable":true,"href":"https:\/\/optionsforher.org\/es\/wp-json\/wp\/v2\/pages\/7328"}],"wp:attachment":[{"href":"https:\/\/optionsforher.org\/es\/wp-json\/wp\/v2\/media?parent=7352"}],"curies":[{"name":"wp","href":"https:\/\/api.w.org\/{rel}","templated":true}]}}