{"id":7349,"date":"2023-02-10T09:08:37","date_gmt":"2023-02-10T14:08:37","guid":{"rendered":"https:\/\/optionsforher.org\/ecografia\/"},"modified":"2024-05-09T16:59:05","modified_gmt":"2024-05-09T20:59:05","slug":"ecografia","status":"publish","type":"page","link":"https:\/\/optionsforher.org\/es\/servicios\/ecografia\/","title":{"rendered":"Ecograf\u00eda"},"content":{"rendered":"\n<p>\u00bfTe preguntas por qu\u00e9 puedes necesitar una ecograf\u00eda? Tenemos las respuestas. El segundo paso de la confirmaci\u00f3n del embarazo es una ecograf\u00eda, ya que aporta informaci\u00f3n importante sobre tu embarazo y protege tu salud. <\/p>\n\n<p>Aqu\u00ed tienes m\u00e1s informaci\u00f3n sobre lo que la ecograf\u00eda puede mostrarte durante el embarazo y qu\u00e9 puedes esperar. <\/p>\n\n<h2 class=\"wp-block-heading\">\u00bfC\u00f3mo funciona una ecograf\u00eda?<\/h2>\n\n<p>Una ecograf\u00eda utiliza ondas sonoras para crear una imagen de tus estructuras internas y te permite tomar una decisi\u00f3n sobre tu embarazo.<\/p>\n\n<p>Una ecograf\u00eda es una parte clave del proceso de confirmaci\u00f3n del embarazo, ya que puede confirmar tres aspectos diferentes de tu embarazo, entre ellos:<\/p>\n\n<ol class=\"wp-block-list\">\n<li>\n          <strong>La viabilidad de tu embarazo (est\u00e1 sano, vivo y creciendo)<\/strong>\n        <\/li>\n<\/ol>\n\n<ol class=\"wp-block-list\"><\/ol>\n<p>Mientras que una prueba de embarazo es el primer paso para confirmar tu embarazo, una ecograf\u00eda es el segundo paso para confirmar la viabilidad de tu embarazo. <\/p>\n\n<p>\n          <strong>2. La localizaci\u00f3n de tu embarazo (\u00bfla implantaci\u00f3n se produjo dentro o fuera del \u00fatero?)<\/strong>\n        <\/p>\n\n<p>Una ecograf\u00eda puede mostrar la localizaci\u00f3n de tu embarazo, lo cual es vital para descartar un <a href=\"https:\/\/my.clevelandclinic.org\/health\/diseases\/9687-ectopic-pregnancy\" data-wpel-link=\"external\" rel=\"external noopener noreferrer\">embarazo ect\u00f3pico, que <\/a>es cuando un embarazo crece fuera del \u00fatero y requiere tratamiento m\u00e9dico de urgencia.<\/p>\n\n<p>\n          <strong>3. La edad gestacional (cu\u00e1nto tiempo llevas de gestaci\u00f3n)<\/strong>\n        <\/p>\n\n<p>Para tomar una decisi\u00f3n sobre el embarazo, querr\u00e1s saber de cu\u00e1nto est\u00e1s mediante una ecograf\u00eda. Es importante tener en cuenta que el aborto m\u00e9dico s\u00f3lo est\u00e1 <a href=\"https:\/\/www.accessdata.fda.gov\/drugsatfda_docs\/label\/2023\/020687Orig1s025Lbl.pdf\" data-wpel-link=\"external\" rel=\"external noopener noreferrer\">aprobado por la FDA<\/a> hasta las 10 semanas de gestaci\u00f3n.  <\/p>\n\n<h2 class=\"wp-block-heading\">Toma una decisi\u00f3n informada<\/h2>\n\n<p>Toma una decisi\u00f3n para tu futuro obteniendo la claridad que necesitas. Tras una prueba de embarazo positiva, es probable que tengas muchas preguntas o sentimientos de ansiedad. Contin\u00faa tu viaje de confirmaci\u00f3n del embarazo con una ecograf\u00eda gratuita en nuestro centro. Estamos aqu\u00ed para ayudarte.<\/p>\n\n<p>Si a\u00fan no lo has hecho, empieza con una prueba de embarazo gratuita, y podemos seguir a partir de ah\u00ed. Recoge la informaci\u00f3n que necesitas para avanzar en tu viaje por el embarazo.<\/p>\n\n<p>\u00a1No est\u00e1s sola!<\/p>\n","protected":false},"excerpt":{"rendered":"<p>Las ecograf\u00edas utilizan ondas sonoras de alta frecuencia para recibir informaci\u00f3n que puede verse como una imagen en una pantalla. Determina qu\u00e9 opciones tienes con una ecograf\u00eda. Una ecograf\u00eda te alertar\u00e1 de cualquier posible complicaci\u00f3n. Es un paso importante del proceso de confirmaci\u00f3n del embarazo, ya que confirma tres aspectos diferentes de tu embarazo.<\/p>\n","protected":false},"author":12,"featured_media":7212,"parent":7376,"menu_order":2,"comment_status":"closed","ping_status":"closed","template":"","meta":{"_acf_changed":false,"footnotes":""},"class_list":["post-7349","page","type-page","status-publish","has-post-thumbnail","hentry"],"acf":[],"yoast_head":"<!-- This site is optimized with the Yoast SEO plugin v27.4 - https:\/\/yoast.com\/product\/yoast-seo-wordpress\/ -->\n<title>Ecograf\u00eda | Options for Her | Cherry Hill, Trenton, &amp; Ocean City, NJ<\/title>\n<meta name=\"description\" content=\"Read more about Ecograf\u00eda in this page. Options for Her offers free pregnancy services for women in Cherry Hill, Trenton, and Ocean City, NJ. Contact us.\" \/>\n<meta name=\"robots\" content=\"index, follow, max-snippet:-1, max-image-preview:large, max-video-preview:-1\" \/>\n<link rel=\"canonical\" href=\"https:\/\/optionsforher.org\/es\/servicios\/ecografia\/\" \/>\n<meta property=\"og:locale\" content=\"es_ES\" \/>\n<meta property=\"og:type\" content=\"article\" \/>\n<meta property=\"og:title\" content=\"Ecograf\u00eda | Options for Her | Cherry Hill, Trenton, &amp; Ocean City, NJ\" \/>\n<meta property=\"og:description\" content=\"Read more about Ecograf\u00eda in this page. Options for Her offers free pregnancy services for women in Cherry Hill, Trenton, and Ocean City, NJ. Contact us.\" \/>\n<meta property=\"og:url\" content=\"https:\/\/optionsforher.org\/es\/servicios\/ecografia\/\" \/>\n<meta property=\"og:site_name\" content=\"Options for Her\" \/>\n<meta property=\"article:modified_time\" content=\"2024-05-09T20:59:05+00:00\" \/>\n<meta property=\"og:image\" content=\"https:\/\/optionsforher.org\/wp-content\/uploads\/2023\/05\/Ultrasound-Icon-2.png\" \/>\n\t<meta property=\"og:image:width\" content=\"343\" \/>\n\t<meta property=\"og:image:height\" content=\"351\" \/>\n\t<meta property=\"og:image:type\" content=\"image\/png\" \/>\n<meta name=\"twitter:card\" content=\"summary_large_image\" \/>\n<meta name=\"twitter:label1\" content=\"Est. reading time\" \/>\n\t<meta name=\"twitter:data1\" content=\"2 minutes\" \/>\n<!-- \/ Yoast SEO plugin. -->","yoast_head_json":{"title":"Ecograf\u00eda | Options for Her | Cherry Hill, Trenton, & Ocean City, NJ","description":"Read more about Ecograf\u00eda in this page. Options for Her offers free pregnancy services for women in Cherry Hill, Trenton, and Ocean City, NJ. Contact us.","robots":{"index":"index","follow":"follow","max-snippet":"max-snippet:-1","max-image-preview":"max-image-preview:large","max-video-preview":"max-video-preview:-1"},"canonical":"https:\/\/optionsforher.org\/es\/servicios\/ecografia\/","og_locale":"es_ES","og_type":"article","og_title":"Ecograf\u00eda | Options for Her | Cherry Hill, Trenton, & Ocean City, NJ","og_description":"Read more about Ecograf\u00eda in this page. Options for Her offers free pregnancy services for women in Cherry Hill, Trenton, and Ocean City, NJ. Contact us.","og_url":"https:\/\/optionsforher.org\/es\/servicios\/ecografia\/","og_site_name":"Options for Her","article_modified_time":"2024-05-09T20:59:05+00:00","og_image":[{"width":343,"height":351,"url":"https:\/\/optionsforher.org\/wp-content\/uploads\/2023\/05\/Ultrasound-Icon-2.png","type":"image\/png"}],"twitter_card":"summary_large_image","twitter_misc":{"Est. reading time":"2 minutes"},"schema":{"@context":"https:\/\/schema.org","@graph":[{"@type":"WebPage","@id":"https:\/\/optionsforher.org\/es\/servicios\/ecografia\/","url":"https:\/\/optionsforher.org\/es\/servicios\/ecografia\/","name":"Ecograf\u00eda | Options for Her | Cherry Hill, Trenton, & Ocean City, NJ","isPartOf":{"@id":"https:\/\/optionsforher.org\/#website"},"primaryImageOfPage":{"@id":"https:\/\/optionsforher.org\/es\/servicios\/ecografia\/#primaryimage"},"image":{"@id":"https:\/\/optionsforher.org\/es\/servicios\/ecografia\/#primaryimage"},"thumbnailUrl":"https:\/\/optionsforher.org\/wp-content\/uploads\/2023\/05\/Ultrasound-Icon-2.png","datePublished":"2023-02-10T14:08:37+00:00","dateModified":"2024-05-09T20:59:05+00:00","description":"Read more about Ecograf\u00eda in this page. Options for Her offers free pregnancy services for women in Cherry Hill, Trenton, and Ocean City, NJ. Contact us.","breadcrumb":{"@id":"https:\/\/optionsforher.org\/es\/servicios\/ecografia\/#breadcrumb"},"inLanguage":"es-ES","potentialAction":[{"@type":"ReadAction","target":["https:\/\/optionsforher.org\/es\/servicios\/ecografia\/"]}]},{"@type":"ImageObject","inLanguage":"es-ES","@id":"https:\/\/optionsforher.org\/es\/servicios\/ecografia\/#primaryimage","url":"https:\/\/optionsforher.org\/wp-content\/uploads\/2023\/05\/Ultrasound-Icon-2.png","contentUrl":"https:\/\/optionsforher.org\/wp-content\/uploads\/2023\/05\/Ultrasound-Icon-2.png","width":343,"height":351},{"@type":"BreadcrumbList","@id":"https:\/\/optionsforher.org\/es\/servicios\/ecografia\/#breadcrumb","itemListElement":[{"@type":"ListItem","position":1,"name":"Home","item":"https:\/\/optionsforher.org\/es\/"},{"@type":"ListItem","position":2,"name":"Servicios","item":"https:\/\/optionsforher.org\/servicios\/"},{"@type":"ListItem","position":3,"name":"Ecograf\u00eda"}]},{"@type":"WebSite","@id":"https:\/\/optionsforher.org\/#website","url":"https:\/\/optionsforher.org\/","name":"Options for Her","description":"","potentialAction":[{"@type":"SearchAction","target":{"@type":"EntryPoint","urlTemplate":"https:\/\/optionsforher.org\/?s={search_term_string}"},"query-input":{"@type":"PropertyValueSpecification","valueRequired":true,"valueName":"search_term_string"}}],"inLanguage":"es-ES"}]}},"_links":{"self":[{"href":"https:\/\/optionsforher.org\/es\/wp-json\/wp\/v2\/pages\/7349","targetHints":{"allow":["GET"]}}],"collection":[{"href":"https:\/\/optionsforher.org\/es\/wp-json\/wp\/v2\/pages"}],"about":[{"href":"https:\/\/optionsforher.org\/es\/wp-json\/wp\/v2\/types\/page"}],"author":[{"embeddable":true,"href":"https:\/\/optionsforher.org\/es\/wp-json\/wp\/v2\/users\/12"}],"replies":[{"embeddable":true,"href":"https:\/\/optionsforher.org\/es\/wp-json\/wp\/v2\/comments?post=7349"}],"version-history":[{"count":5,"href":"https:\/\/optionsforher.org\/es\/wp-json\/wp\/v2\/pages\/7349\/revisions"}],"predecessor-version":[{"id":7483,"href":"https:\/\/optionsforher.org\/es\/wp-json\/wp\/v2\/pages\/7349\/revisions\/7483"}],"up":[{"embeddable":true,"href":"https:\/\/optionsforher.org\/es\/wp-json\/wp\/v2\/pages\/7376"}],"wp:featuredmedia":[{"embeddable":true,"href":"https:\/\/optionsforher.org\/es\/wp-json\/wp\/v2\/media\/7212"}],"wp:attachment":[{"href":"https:\/\/optionsforher.org\/es\/wp-json\/wp\/v2\/media?parent=7349"}],"curies":[{"name":"wp","href":"https:\/\/api.w.org\/{rel}","templated":true}]}}