{"id":7345,"date":"2023-05-11T06:44:39","date_gmt":"2023-05-11T10:44:39","guid":{"rendered":"https:\/\/optionsforher.org\/programas\/preguntas-frecuentes\/"},"modified":"2024-05-09T18:15:13","modified_gmt":"2024-05-09T22:15:13","slug":"preguntas-frecuentes","status":"publish","type":"page","link":"https:\/\/optionsforher.org\/es\/programas\/preguntas-frecuentes\/","title":{"rendered":"PREGUNTAS FRECUENTES"},"content":{"rendered":"\n<h2 class=\"wp-block-heading\">\u00bfEstoy realmente embarazada?<\/h2>\n\n<p>\u00bfAbrumada por el posible embarazo no planificado que podr\u00edas estar experimentando? No est\u00e1s sola. \u00a1La \u00fanica forma de saber con seguridad si est\u00e1s embarazada es hacerte una prueba de embarazo de calidad m\u00e9dica y una ecograf\u00eda. Podemos ayudarte con servicios gratuitos para el embarazo.<\/p>\n\n<h2 class=\"wp-block-heading\">\u00bfEs necesaria una ecograf\u00eda?<\/h2>\n\n<p>Si el resultado de tu prueba es positivo, te recomendamos que te hagas una ecograf\u00eda sin costo alguno para confirmar m\u00e9dicamente tu embarazo. La ecograf\u00eda es necesaria para confirmar tres detalles vitales de tu embarazo, entre ellos:<\/p>\n\n<ol class=\"wp-block-list\">\n<li>En qu\u00e9 fase del embarazo te encuentras <\/li>\n\n\n\n<li>La viabilidad de tu embarazo (si hay latido)<\/li>\n\n\n\n<li>La localizaci\u00f3n de tu embarazo (si est\u00e1 creciendo dentro de tu \u00fatero o no).<\/li>\n<\/ol>\n\n<h2 class=\"wp-block-heading\">\u00bfCu\u00e1les son los riesgos del aborto?<\/h2>\n\n<p>Seg\u00fan <a href=\"https:\/\/medlineplus.gov\/ency\/article\/002912.htm\" data-wpel-link=\"external\" rel=\"external noopener noreferrer\">Medline Plus<\/a>, los riesgos comunes del aborto quir\u00fargico incluyen:<\/p>\n\n<ul class=\"wp-block-list\">\n<li>Da\u00f1os en la matriz o el cuello uterino<\/li>\n\n\n\n<li>Perforaci\u00f3n uterina (hacer por accidente un agujero en el \u00fatero con uno de los instrumentos utilizados)<\/li>\n\n\n\n<li>Hemorragia excesiva<\/li>\n\n\n\n<li>Infecci\u00f3n del \u00fatero o de las trompas de Falopio<\/li>\n\n\n\n<li>Cicatrizaci\u00f3n del interior del \u00fatero<\/li>\n\n\n\n<li>Reacci\u00f3n a los f\u00e1rmacos o a la anestesia, como problemas para respirar<\/li>\n<\/ul>\n\n<p>La Cl\u00ednica Mayo comparte los riesgos comunes del <a href=\"https:\/\/www.mayoclinic.org\/tests-procedures\/medical-abortion\/about\/pac-20394687\" data-wpel-link=\"external\" rel=\"external noopener noreferrer\">aborto m\u00e9dico<\/a>, entre los que se incluyen:<\/p>\n\n<ul class=\"wp-block-list\">\n<li>Aborto incompleto (que puede requerir un procedimiento quir\u00fargico)<\/li>\n\n\n\n<li>Hemorragia intensa y prolongada<\/li>\n\n\n\n<li>N\u00e1useas, v\u00f3mitos, diarrea <\/li>\n\n\n\n<li>Fiebre<\/li>\n\n\n\n<li>Infecci\u00f3n<\/li>\n<\/ul>\n\n<h2 class=\"wp-block-heading\">\u00bfTus servicios son gratuitos?<\/h2>\n\n<p>S\u00ed, estamos aqu\u00ed para ayudar a aliviar parte de la presi\u00f3n que conlleva un embarazo no planificado, incluidos los problemas econ\u00f3micos. Te ofrecemos todos nuestros servicios y asistencia sin costo alguno para ti.<\/p>\n\n<h2 class=\"wp-block-heading\">\u00bfPuedo llevar a alguien a mi cita?<\/h2>\n\n<p>Por supuesto. Lleve a un amigo, un familiar o tu pareja a tu cita. \u00a1Queremos que te sientas c\u00f3moda en tu cita!<\/p>\n","protected":false},"excerpt":{"rendered":"<p>Probablemente tengas muchas preguntas y preocupaciones sobre el embarazo. Aqu\u00ed tienes algunas de las preguntas m\u00e1s frecuentes. Habla con nosotros hoy mismo si tienes m\u00e1s preguntas. \u00a1Estamos aqu\u00ed para ayudarte!<\/p>\n","protected":false},"author":12,"featured_media":0,"parent":7332,"menu_order":3,"comment_status":"closed","ping_status":"closed","template":"","meta":{"_acf_changed":false,"footnotes":""},"class_list":["post-7345","page","type-page","status-publish","hentry"],"acf":[],"yoast_head":"<!-- This site is optimized with the Yoast SEO plugin v27.4 - https:\/\/yoast.com\/product\/yoast-seo-wordpress\/ -->\n<title>PREGUNTAS FRECUENTES | Options for Her | Cherry Hill, Trenton, &amp; Ocean City, NJ<\/title>\n<meta name=\"description\" content=\"Read more about PREGUNTAS FRECUENTES in this page. Options for Her offers free pregnancy services for women in Cherry Hill, Trenton, and Ocean City, NJ. Contact us.\" \/>\n<meta name=\"robots\" content=\"index, follow, max-snippet:-1, max-image-preview:large, max-video-preview:-1\" \/>\n<link rel=\"canonical\" href=\"https:\/\/optionsforher.org\/es\/programas\/preguntas-frecuentes\/\" \/>\n<meta property=\"og:locale\" content=\"es_ES\" \/>\n<meta property=\"og:type\" content=\"article\" \/>\n<meta property=\"og:title\" content=\"PREGUNTAS FRECUENTES | Options for Her | Cherry Hill, Trenton, &amp; Ocean City, NJ\" \/>\n<meta property=\"og:description\" content=\"Read more about PREGUNTAS FRECUENTES in this page. Options for Her offers free pregnancy services for women in Cherry Hill, Trenton, and Ocean City, NJ. Contact us.\" \/>\n<meta property=\"og:url\" content=\"https:\/\/optionsforher.org\/es\/programas\/preguntas-frecuentes\/\" \/>\n<meta property=\"og:site_name\" content=\"Options for Her\" \/>\n<meta property=\"article:modified_time\" content=\"2024-05-09T22:15:13+00:00\" \/>\n<meta name=\"twitter:card\" content=\"summary_large_image\" \/>\n<meta name=\"twitter:label1\" content=\"Est. reading time\" \/>\n\t<meta name=\"twitter:data1\" content=\"2 minutes\" \/>\n<!-- \/ Yoast SEO plugin. -->","yoast_head_json":{"title":"PREGUNTAS FRECUENTES | Options for Her | Cherry Hill, Trenton, & Ocean City, NJ","description":"Read more about PREGUNTAS FRECUENTES in this page. Options for Her offers free pregnancy services for women in Cherry Hill, Trenton, and Ocean City, NJ. Contact us.","robots":{"index":"index","follow":"follow","max-snippet":"max-snippet:-1","max-image-preview":"max-image-preview:large","max-video-preview":"max-video-preview:-1"},"canonical":"https:\/\/optionsforher.org\/es\/programas\/preguntas-frecuentes\/","og_locale":"es_ES","og_type":"article","og_title":"PREGUNTAS FRECUENTES | Options for Her | Cherry Hill, Trenton, & Ocean City, NJ","og_description":"Read more about PREGUNTAS FRECUENTES in this page. Options for Her offers free pregnancy services for women in Cherry Hill, Trenton, and Ocean City, NJ. Contact us.","og_url":"https:\/\/optionsforher.org\/es\/programas\/preguntas-frecuentes\/","og_site_name":"Options for Her","article_modified_time":"2024-05-09T22:15:13+00:00","twitter_card":"summary_large_image","twitter_misc":{"Est. reading time":"2 minutes"},"schema":{"@context":"https:\/\/schema.org","@graph":[{"@type":"WebPage","@id":"https:\/\/optionsforher.org\/es\/programas\/preguntas-frecuentes\/","url":"https:\/\/optionsforher.org\/es\/programas\/preguntas-frecuentes\/","name":"PREGUNTAS FRECUENTES | Options for Her | Cherry Hill, Trenton, & Ocean City, NJ","isPartOf":{"@id":"https:\/\/optionsforher.org\/#website"},"datePublished":"2023-05-11T10:44:39+00:00","dateModified":"2024-05-09T22:15:13+00:00","description":"Read more about PREGUNTAS FRECUENTES in this page. Options for Her offers free pregnancy services for women in Cherry Hill, Trenton, and Ocean City, NJ. Contact us.","breadcrumb":{"@id":"https:\/\/optionsforher.org\/es\/programas\/preguntas-frecuentes\/#breadcrumb"},"inLanguage":"es-ES","potentialAction":[{"@type":"ReadAction","target":["https:\/\/optionsforher.org\/es\/programas\/preguntas-frecuentes\/"]}]},{"@type":"BreadcrumbList","@id":"https:\/\/optionsforher.org\/es\/programas\/preguntas-frecuentes\/#breadcrumb","itemListElement":[{"@type":"ListItem","position":1,"name":"Home","item":"https:\/\/optionsforher.org\/es\/"},{"@type":"ListItem","position":2,"name":"Programas","item":"https:\/\/optionsforher.org\/es\/programas\/"},{"@type":"ListItem","position":3,"name":"PREGUNTAS FRECUENTES"}]},{"@type":"WebSite","@id":"https:\/\/optionsforher.org\/#website","url":"https:\/\/optionsforher.org\/","name":"Options for Her","description":"","potentialAction":[{"@type":"SearchAction","target":{"@type":"EntryPoint","urlTemplate":"https:\/\/optionsforher.org\/?s={search_term_string}"},"query-input":{"@type":"PropertyValueSpecification","valueRequired":true,"valueName":"search_term_string"}}],"inLanguage":"es-ES"}]}},"_links":{"self":[{"href":"https:\/\/optionsforher.org\/es\/wp-json\/wp\/v2\/pages\/7345","targetHints":{"allow":["GET"]}}],"collection":[{"href":"https:\/\/optionsforher.org\/es\/wp-json\/wp\/v2\/pages"}],"about":[{"href":"https:\/\/optionsforher.org\/es\/wp-json\/wp\/v2\/types\/page"}],"author":[{"embeddable":true,"href":"https:\/\/optionsforher.org\/es\/wp-json\/wp\/v2\/users\/12"}],"replies":[{"embeddable":true,"href":"https:\/\/optionsforher.org\/es\/wp-json\/wp\/v2\/comments?post=7345"}],"version-history":[{"count":4,"href":"https:\/\/optionsforher.org\/es\/wp-json\/wp\/v2\/pages\/7345\/revisions"}],"predecessor-version":[{"id":7502,"href":"https:\/\/optionsforher.org\/es\/wp-json\/wp\/v2\/pages\/7345\/revisions\/7502"}],"up":[{"embeddable":true,"href":"https:\/\/optionsforher.org\/es\/wp-json\/wp\/v2\/pages\/7332"}],"wp:attachment":[{"href":"https:\/\/optionsforher.org\/es\/wp-json\/wp\/v2\/media?parent=7345"}],"curies":[{"name":"wp","href":"https:\/\/api.w.org\/{rel}","templated":true}]}}