{"id":7339,"date":"2023-05-11T07:46:12","date_gmt":"2023-05-11T11:46:12","guid":{"rendered":"https:\/\/optionsforher.org\/prueba-de-embarazo\/"},"modified":"2024-10-30T05:49:17","modified_gmt":"2024-10-30T09:49:17","slug":"prueba-de-embarazo","status":"publish","type":"page","link":"https:\/\/optionsforher.org\/es\/servicios\/prueba-de-embarazo\/","title":{"rendered":"Prueba de embarazo"},"content":{"rendered":"\n<h2 class=\"wp-block-heading\">\u00bfExperimentas posibles s\u00edntomas de embarazo?<\/h2>\n\n\n\n<p>Puede que no te haya venido la regla, o tal vez tengas mal humor o n\u00e1useas y sospeches de un posible embarazo. Los signos comunes del embarazo, seg\u00fan la Cl\u00ednica Mayo, incluyen:<\/p>\n\n\n\n<ul class=\"wp-block-list\">\n<li>Falta de menstruaci\u00f3n<\/li>\n\n\n\n<li>Fatiga<\/li>\n\n\n\n<li>Aumento de la micci\u00f3n<\/li>\n\n\n\n<li>N\u00e1useas con o sin v\u00f3mitos<\/li>\n\n\n\n<li>Pechos sensibles e hinchados<\/li>\n<\/ul>\n\n\n\n<p>Todos ellos podr\u00edan apuntar a un embarazo, pero algunos tambi\u00e9n podr\u00edan ser signos de enfermedad o de que est\u00e1s a punto de empezar la menstruaci\u00f3n. Para estar seguros, en Options for Her ofrecemos pruebas de embarazo gratuitas para que puedas estar segura de cu\u00e1l es tu situaci\u00f3n. <\/p>\n\n\n\n<h2 class=\"wp-block-heading\">\u00bfC\u00f3mo funcionan las pruebas de embarazo?<\/h2>\n\n\n\n<p>La hCG (gonadotropina cori\u00f3nica humana) es una hormona exclusiva del embarazo y ayuda a las paredes uterinas a engrosarse para alimentar un embarazo. Esta hormona tambi\u00e9n es responsable de indicar el cese de la menstruaci\u00f3n a medida que el cuerpo empieza a orientarse hacia el mantenimiento de un embarazo. <\/p>\n\n\n\n<p><a href=\"https:\/\/www.clearblue.com\/pregnancy-tests\" target=\"_blank\" rel=\"noreferrer noopener external\" data-wpel-link=\"external\">Clearblue<\/a>, fabricante de pruebas de embarazo, comparte que &#8220;los niveles de hCG aumentan r\u00e1pida y exponencialmente, normalmente duplic\u00e1ndose cada 2 d\u00edas en las primeras semanas antes de alcanzar un nivel estable (meseta) alrededor de la semana 10; despu\u00e9s de ese momento disminuyen lentamente&#8221;.<\/p>\n\n\n\n<h2 class=\"wp-block-heading\">\u00bfCu\u00e1ndo debo hacer la prueba?<\/h2>\n\n\n\n<p>Normalmente, lo mejor es hacerte la<a href=\"https:\/\/www.forbes.com\/health\/family\/when-to-take-a-pregnancy-test\/#:~:text=You%20can%20take%20a%20pregnancy,the%20HCG%20hormone%2C%20says%20Dr.\" data-wpel-link=\"external\" rel=\"external noopener noreferrer\"> prueba<\/a> el d\u00eda en que esperas tener la menstruaci\u00f3n. Esperar este tiempo permite que los niveles de hCG aumenten y sean detectables mediante una prueba de embarazo en orina. Para obtener resultados m\u00e1s precisos, prueba por la ma\u00f1ana. <\/p>\n\n\n\n<p>Si sospechas que puedes estar embarazada, debes hablar con un m\u00e9dico de confianza o con una cl\u00ednica del embarazo. Al discutir el mejor momento para hacer la prueba y confirmar los resultados con una prueba de embarazo y una ecograf\u00eda de calidad, puedes estar segura de los resultados y empezar a planificar el siguiente paso.<\/p>\n\n\n\n<h2 class=\"wp-block-heading\">Si es positivo, \u00bfqu\u00e9 sigue?<\/h2>\n\n\n\n<p>Tras recibir un resultado positivo en nuestro centro, tambi\u00e9n ofrecemos ecograf\u00edas y pruebas de ETS\/ITS sin costo alguno para darte la imagen m\u00e1s precisa de tu situaci\u00f3n actual. Una ecograf\u00eda va un paso m\u00e1s all\u00e1 y confirma cu\u00e1les son las opciones de tu embarazo. Tenemos el mismo equipo que encontrar\u00edas en una cl\u00ednica o consulta m\u00e9dica, que puede realizar pruebas con una precisi\u00f3n del 99%. <\/p>\n\n\n\n<p><a href=\"https:\/\/optionsforher.org\/es\/ponte-en-contacto-con\/\" data-wpel-link=\"internal\">Programa<\/a> hoy mismo una cita de confirmaci\u00f3n del embarazo gratuita y confidencial para estar un paso m\u00e1s cerca de la claridad. \u00a1No est\u00e1s solo!<\/p>\n","protected":false},"excerpt":{"rendered":"<p>Si sospechas que puedes estar embarazada, debes hablar con un m\u00e9dico de confianza o con una cl\u00ednica del embarazo. Al discutir el mejor momento para hacer la prueba y confirmar los resultados con una prueba de embarazo y una ecograf\u00eda de calidad, puedes estar segura de los resultados y empezar a planificar el siguiente paso.<\/p>\n","protected":false},"author":12,"featured_media":7211,"parent":7376,"menu_order":1,"comment_status":"closed","ping_status":"closed","template":"","meta":{"_acf_changed":false,"footnotes":""},"class_list":["post-7339","page","type-page","status-publish","has-post-thumbnail","hentry"],"acf":[],"yoast_head":"<!-- This site is optimized with the Yoast SEO plugin v27.4 - https:\/\/yoast.com\/product\/yoast-seo-wordpress\/ -->\n<title>Prueba de embarazo | Options for Her | Cherry Hill, Trenton, &amp; Ocean City, NJ<\/title>\n<meta name=\"description\" content=\"Read more about Prueba de embarazo in this page. Options for Her offers free pregnancy services for women in Cherry Hill, Trenton, and Ocean City, NJ. Contact us.\" \/>\n<meta name=\"robots\" content=\"index, follow, max-snippet:-1, max-image-preview:large, max-video-preview:-1\" \/>\n<link rel=\"canonical\" href=\"https:\/\/optionsforher.org\/services\/pregnancy-testing\/\" \/>\n<meta property=\"og:locale\" content=\"es_ES\" \/>\n<meta property=\"og:type\" content=\"article\" \/>\n<meta property=\"og:title\" content=\"Prueba de embarazo | Options for Her | Cherry Hill, Trenton, &amp; Ocean City, NJ\" \/>\n<meta property=\"og:description\" content=\"Read more about Prueba de embarazo in this page. Options for Her offers free pregnancy services for women in Cherry Hill, Trenton, and Ocean City, NJ. Contact us.\" \/>\n<meta property=\"og:url\" content=\"https:\/\/optionsforher.org\/services\/pregnancy-testing\/\" \/>\n<meta property=\"og:site_name\" content=\"Options for Her\" \/>\n<meta property=\"article:modified_time\" content=\"2024-10-30T09:49:17+00:00\" \/>\n<meta property=\"og:image\" content=\"https:\/\/optionsforher.org\/wp-content\/uploads\/2023\/05\/Pregnancy-Test-Icon-2.png\" \/>\n\t<meta property=\"og:image:width\" content=\"343\" \/>\n\t<meta property=\"og:image:height\" content=\"351\" \/>\n\t<meta property=\"og:image:type\" content=\"image\/png\" \/>\n<meta name=\"twitter:card\" content=\"summary_large_image\" \/>\n<meta name=\"twitter:label1\" content=\"Est. reading time\" \/>\n\t<meta name=\"twitter:data1\" content=\"2 minutes\" \/>\n<!-- \/ Yoast SEO plugin. -->","yoast_head_json":{"title":"Prueba de embarazo | Options for Her | Cherry Hill, Trenton, & Ocean City, NJ","description":"Read more about Prueba de embarazo in this page. Options for Her offers free pregnancy services for women in Cherry Hill, Trenton, and Ocean City, NJ. Contact us.","robots":{"index":"index","follow":"follow","max-snippet":"max-snippet:-1","max-image-preview":"max-image-preview:large","max-video-preview":"max-video-preview:-1"},"canonical":"https:\/\/optionsforher.org\/services\/pregnancy-testing\/","og_locale":"es_ES","og_type":"article","og_title":"Prueba de embarazo | Options for Her | Cherry Hill, Trenton, & Ocean City, NJ","og_description":"Read more about Prueba de embarazo in this page. Options for Her offers free pregnancy services for women in Cherry Hill, Trenton, and Ocean City, NJ. Contact us.","og_url":"https:\/\/optionsforher.org\/services\/pregnancy-testing\/","og_site_name":"Options for Her","article_modified_time":"2024-10-30T09:49:17+00:00","og_image":[{"width":343,"height":351,"url":"https:\/\/optionsforher.org\/wp-content\/uploads\/2023\/05\/Pregnancy-Test-Icon-2.png","type":"image\/png"}],"twitter_card":"summary_large_image","twitter_misc":{"Est. reading time":"2 minutes"},"schema":{"@context":"https:\/\/schema.org","@graph":[{"@type":"WebPage","@id":"https:\/\/optionsforher.org\/services\/pregnancy-testing\/","url":"https:\/\/optionsforher.org\/services\/pregnancy-testing\/","name":"Prueba de embarazo | Options for Her | Cherry Hill, Trenton, & Ocean City, NJ","isPartOf":{"@id":"https:\/\/optionsforher.org\/#website"},"primaryImageOfPage":{"@id":"https:\/\/optionsforher.org\/services\/pregnancy-testing\/#primaryimage"},"image":{"@id":"https:\/\/optionsforher.org\/services\/pregnancy-testing\/#primaryimage"},"thumbnailUrl":"https:\/\/optionsforher.org\/wp-content\/uploads\/2023\/05\/Pregnancy-Test-Icon-2.png","datePublished":"2023-05-11T11:46:12+00:00","dateModified":"2024-10-30T09:49:17+00:00","description":"Read more about Prueba de embarazo in this page. Options for Her offers free pregnancy services for women in Cherry Hill, Trenton, and Ocean City, NJ. Contact us.","breadcrumb":{"@id":"https:\/\/optionsforher.org\/services\/pregnancy-testing\/#breadcrumb"},"inLanguage":"es-ES","potentialAction":[{"@type":"ReadAction","target":["https:\/\/optionsforher.org\/services\/pregnancy-testing\/"]}]},{"@type":"ImageObject","inLanguage":"es-ES","@id":"https:\/\/optionsforher.org\/services\/pregnancy-testing\/#primaryimage","url":"https:\/\/optionsforher.org\/wp-content\/uploads\/2023\/05\/Pregnancy-Test-Icon-2.png","contentUrl":"https:\/\/optionsforher.org\/wp-content\/uploads\/2023\/05\/Pregnancy-Test-Icon-2.png","width":343,"height":351},{"@type":"BreadcrumbList","@id":"https:\/\/optionsforher.org\/services\/pregnancy-testing\/#breadcrumb","itemListElement":[{"@type":"ListItem","position":1,"name":"Home","item":"https:\/\/optionsforher.org\/es\/"},{"@type":"ListItem","position":2,"name":"Servicios","item":"https:\/\/optionsforher.org\/servicios\/"},{"@type":"ListItem","position":3,"name":"Prueba de embarazo"}]},{"@type":"WebSite","@id":"https:\/\/optionsforher.org\/#website","url":"https:\/\/optionsforher.org\/","name":"Options for Her","description":"","potentialAction":[{"@type":"SearchAction","target":{"@type":"EntryPoint","urlTemplate":"https:\/\/optionsforher.org\/?s={search_term_string}"},"query-input":{"@type":"PropertyValueSpecification","valueRequired":true,"valueName":"search_term_string"}}],"inLanguage":"es-ES"}]}},"_links":{"self":[{"href":"https:\/\/optionsforher.org\/es\/wp-json\/wp\/v2\/pages\/7339","targetHints":{"allow":["GET"]}}],"collection":[{"href":"https:\/\/optionsforher.org\/es\/wp-json\/wp\/v2\/pages"}],"about":[{"href":"https:\/\/optionsforher.org\/es\/wp-json\/wp\/v2\/types\/page"}],"author":[{"embeddable":true,"href":"https:\/\/optionsforher.org\/es\/wp-json\/wp\/v2\/users\/12"}],"replies":[{"embeddable":true,"href":"https:\/\/optionsforher.org\/es\/wp-json\/wp\/v2\/comments?post=7339"}],"version-history":[{"count":9,"href":"https:\/\/optionsforher.org\/es\/wp-json\/wp\/v2\/pages\/7339\/revisions"}],"predecessor-version":[{"id":7645,"href":"https:\/\/optionsforher.org\/es\/wp-json\/wp\/v2\/pages\/7339\/revisions\/7645"}],"up":[{"embeddable":true,"href":"https:\/\/optionsforher.org\/es\/wp-json\/wp\/v2\/pages\/7376"}],"wp:featuredmedia":[{"embeddable":true,"href":"https:\/\/optionsforher.org\/es\/wp-json\/wp\/v2\/media\/7211"}],"wp:attachment":[{"href":"https:\/\/optionsforher.org\/es\/wp-json\/wp\/v2\/media?parent=7339"}],"curies":[{"name":"wp","href":"https:\/\/api.w.org\/{rel}","templated":true}]}}