{"id":7325,"date":"2023-05-11T06:43:39","date_gmt":"2023-05-11T10:43:39","guid":{"rendered":"https:\/\/optionsforher.org\/para-hombres\/"},"modified":"2024-05-09T17:45:05","modified_gmt":"2024-05-09T21:45:05","slug":"para-hombres","status":"publish","type":"page","link":"https:\/\/optionsforher.org\/es\/programas\/para-hombres\/","title":{"rendered":"Para hombres"},"content":{"rendered":"\n<p>\u00bfTe sientes abrumado por la responsabilidad de un embarazo no planificado? Tienes preguntas inundando tu mente, como:<\/p>\n\n<ul class=\"wp-block-list\">\n<li>\u00bfC\u00f3mo apoyar\u00e9 a mi pareja y a mi hijo?<\/li>\n\n\n\n<li>\u00bfQu\u00e9 pensar\u00e1n nuestros padres?<\/li>\n\n\n\n<li>\u00bfNos apoyar\u00e1 alguien?<\/li>\n\n\n\n<li>\u00bfCu\u00e1les son nuestras opciones?<\/li>\n<\/ul>\n\n<p>Lo m\u00e1s probable es que tu pareja piense lo mismo. \u00a1No est\u00e1s solo! Hay varios pasos que puedes dar para ofrecer apoyo a tu pareja y asegurarte de que sienta que est\u00e1s ah\u00ed para ella. <\/p>\n\n<h2 class=\"wp-block-heading\">Escucha a tu pareja<\/h2>\n\n<p>Aunque ahora est\u00e9s ansioso, lo mejor que puedes hacer en este momento es pasar por esto con tu pareja y apoyarla.<\/p>\n\n<p>Tu pareja puede estar en estado de shock y querer hablar de las cosas. Escucha y deja que hable. Haz todo lo posible por ofrecer una presencia c\u00e1lida y de apoyo. <\/p>\n\n<p>Ofr\u00e9cete a ir a sus muchas citas del embarazo para que no se sienta sola. Sois un equipo.<\/p>\n\n<h2 class=\"wp-block-heading\">Considera las opciones de embarazo<\/h2>\n\n<p>Ambos merec\u00e9is conocer todas las opciones de vuestro embarazo. Inf\u00f3rmate sobre el aborto, la adopci\u00f3n y la paternidad conjunta. T\u00fa y tu pareja ten\u00e9is voz y voto en la decisi\u00f3n sobre el embarazo. Ofrece tanto apoyo, o tan poco a veces, como necesite tu pareja. <\/p>\n\n<h2 class=\"wp-block-heading\">Apoyo a los padres<\/h2>\n\n<p>Options for Her dispone de herramientas para ayudarte a afrontar los retos de la paternidad, incluida la tutor\u00eda individualizada sobre paternidad, si as\u00ed lo solicitas. Somos grandes conectores para cualquier apoyo adicional que t\u00fa o tu pareja pod\u00e1is necesitar. <\/p>\n\n<h2 class=\"wp-block-heading\">No est\u00e1s solo<\/h2>\n\n<p>Como hombre, puedes sentir mucha presi\u00f3n, y estamos aqu\u00ed para ayudarte. Habla hoy mismo con nuestro equipo, c\u00e1lido y sin prejuicios, para resolver todas tus dudas y preguntas sobre lo que est\u00e1 por venir. <\/p>\n\n<p>Estamos aqu\u00ed para empoderarte y animarte como padre potencial y ofrecerte muchos recursos y apoyo de la paternidad si decides ser padre.<\/p>\n\n<p>Ponte en contacto con nosotros hoy mismo para hablar. <\/p>\n","protected":false},"excerpt":{"rendered":"<p>\u00bfTe sientes abrumado por un embarazo no planificado? Lo m\u00e1s probable es que tu pareja piense lo mismo. No est\u00e1s solo. Hay varios pasos que puedes dar para ofrecer apoyo a tu pareja y asegurarte de que sienta que est\u00e1s ah\u00ed para ella. <\/p>\n","protected":false},"author":12,"featured_media":0,"parent":7332,"menu_order":1,"comment_status":"closed","ping_status":"closed","template":"","meta":{"_acf_changed":false,"footnotes":""},"class_list":["post-7325","page","type-page","status-publish","hentry"],"acf":[],"yoast_head":"<!-- This site is optimized with the Yoast SEO plugin v27.4 - https:\/\/yoast.com\/product\/yoast-seo-wordpress\/ -->\n<title>Para hombres | Options for Her | Cherry Hill, Trenton, &amp; Ocean City, NJ<\/title>\n<meta name=\"description\" content=\"Read more about Para hombres in this page. Options for Her offers free pregnancy services for women in Cherry Hill, Trenton, and Ocean City, NJ. Contact us.\" \/>\n<meta name=\"robots\" content=\"index, follow, max-snippet:-1, max-image-preview:large, max-video-preview:-1\" \/>\n<link rel=\"canonical\" href=\"https:\/\/optionsforher.org\/es\/programas\/para-hombres\/\" \/>\n<meta property=\"og:locale\" content=\"es_ES\" \/>\n<meta property=\"og:type\" content=\"article\" \/>\n<meta property=\"og:title\" content=\"Para hombres | Options for Her | Cherry Hill, Trenton, &amp; Ocean City, NJ\" \/>\n<meta property=\"og:description\" content=\"Read more about Para hombres in this page. Options for Her offers free pregnancy services for women in Cherry Hill, Trenton, and Ocean City, NJ. Contact us.\" \/>\n<meta property=\"og:url\" content=\"https:\/\/optionsforher.org\/es\/programas\/para-hombres\/\" \/>\n<meta property=\"og:site_name\" content=\"Options for Her\" \/>\n<meta property=\"article:modified_time\" content=\"2024-05-09T21:45:05+00:00\" \/>\n<meta name=\"twitter:card\" content=\"summary_large_image\" \/>\n<meta name=\"twitter:label1\" content=\"Est. reading time\" \/>\n\t<meta name=\"twitter:data1\" content=\"2 minutes\" \/>\n<!-- \/ Yoast SEO plugin. -->","yoast_head_json":{"title":"Para hombres | Options for Her | Cherry Hill, Trenton, & Ocean City, NJ","description":"Read more about Para hombres in this page. Options for Her offers free pregnancy services for women in Cherry Hill, Trenton, and Ocean City, NJ. Contact us.","robots":{"index":"index","follow":"follow","max-snippet":"max-snippet:-1","max-image-preview":"max-image-preview:large","max-video-preview":"max-video-preview:-1"},"canonical":"https:\/\/optionsforher.org\/es\/programas\/para-hombres\/","og_locale":"es_ES","og_type":"article","og_title":"Para hombres | Options for Her | Cherry Hill, Trenton, & Ocean City, NJ","og_description":"Read more about Para hombres in this page. Options for Her offers free pregnancy services for women in Cherry Hill, Trenton, and Ocean City, NJ. Contact us.","og_url":"https:\/\/optionsforher.org\/es\/programas\/para-hombres\/","og_site_name":"Options for Her","article_modified_time":"2024-05-09T21:45:05+00:00","twitter_card":"summary_large_image","twitter_misc":{"Est. reading time":"2 minutes"},"schema":{"@context":"https:\/\/schema.org","@graph":[{"@type":"WebPage","@id":"https:\/\/optionsforher.org\/es\/programas\/para-hombres\/","url":"https:\/\/optionsforher.org\/es\/programas\/para-hombres\/","name":"Para hombres | Options for Her | Cherry Hill, Trenton, & Ocean City, NJ","isPartOf":{"@id":"https:\/\/optionsforher.org\/#website"},"datePublished":"2023-05-11T10:43:39+00:00","dateModified":"2024-05-09T21:45:05+00:00","description":"Read more about Para hombres in this page. Options for Her offers free pregnancy services for women in Cherry Hill, Trenton, and Ocean City, NJ. Contact us.","breadcrumb":{"@id":"https:\/\/optionsforher.org\/es\/programas\/para-hombres\/#breadcrumb"},"inLanguage":"es-ES","potentialAction":[{"@type":"ReadAction","target":["https:\/\/optionsforher.org\/es\/programas\/para-hombres\/"]}]},{"@type":"BreadcrumbList","@id":"https:\/\/optionsforher.org\/es\/programas\/para-hombres\/#breadcrumb","itemListElement":[{"@type":"ListItem","position":1,"name":"Home","item":"https:\/\/optionsforher.org\/es\/"},{"@type":"ListItem","position":2,"name":"Programas","item":"https:\/\/optionsforher.org\/es\/programas\/"},{"@type":"ListItem","position":3,"name":"Para hombres"}]},{"@type":"WebSite","@id":"https:\/\/optionsforher.org\/#website","url":"https:\/\/optionsforher.org\/","name":"Options for Her","description":"","potentialAction":[{"@type":"SearchAction","target":{"@type":"EntryPoint","urlTemplate":"https:\/\/optionsforher.org\/?s={search_term_string}"},"query-input":{"@type":"PropertyValueSpecification","valueRequired":true,"valueName":"search_term_string"}}],"inLanguage":"es-ES"}]}},"_links":{"self":[{"href":"https:\/\/optionsforher.org\/es\/wp-json\/wp\/v2\/pages\/7325","targetHints":{"allow":["GET"]}}],"collection":[{"href":"https:\/\/optionsforher.org\/es\/wp-json\/wp\/v2\/pages"}],"about":[{"href":"https:\/\/optionsforher.org\/es\/wp-json\/wp\/v2\/types\/page"}],"author":[{"embeddable":true,"href":"https:\/\/optionsforher.org\/es\/wp-json\/wp\/v2\/users\/12"}],"replies":[{"embeddable":true,"href":"https:\/\/optionsforher.org\/es\/wp-json\/wp\/v2\/comments?post=7325"}],"version-history":[{"count":6,"href":"https:\/\/optionsforher.org\/es\/wp-json\/wp\/v2\/pages\/7325\/revisions"}],"predecessor-version":[{"id":7496,"href":"https:\/\/optionsforher.org\/es\/wp-json\/wp\/v2\/pages\/7325\/revisions\/7496"}],"up":[{"embeddable":true,"href":"https:\/\/optionsforher.org\/es\/wp-json\/wp\/v2\/pages\/7332"}],"wp:attachment":[{"href":"https:\/\/optionsforher.org\/es\/wp-json\/wp\/v2\/media?parent=7325"}],"curies":[{"name":"wp","href":"https:\/\/api.w.org\/{rel}","templated":true}]}}