{"id":7323,"date":"2023-08-02T15:17:30","date_gmt":"2023-08-02T19:17:30","guid":{"rendered":"https:\/\/optionsforher.org\/servicios-de-apoyo\/"},"modified":"2024-05-09T17:34:23","modified_gmt":"2024-05-09T21:34:23","slug":"servicios-de-apoyo","status":"publish","type":"page","link":"https:\/\/optionsforher.org\/es\/programas\/servicios-de-apoyo\/","title":{"rendered":"Servicios de apoyo"},"content":{"rendered":"\n<figure class=\"wp-block-image size-large is-resized\"><img loading=\"lazy\" decoding=\"async\" width=\"1024\" height=\"1024\" src=\"https:\/\/optionsforher.org\/wp-content\/uploads\/2024\/05\/Options_Mothers-Day-Donation-Call-Web-Box-APRIL-2024-1024x1024.jpg\" alt=\"\" class=\"wp-image-7151\" style=\"width:252px;height:auto\" srcset=\"https:\/\/optionsforher.org\/wp-content\/uploads\/2024\/05\/Options_Mothers-Day-Donation-Call-Web-Box-APRIL-2024-1024x1024.jpg 1024w, https:\/\/optionsforher.org\/wp-content\/uploads\/2024\/05\/Options_Mothers-Day-Donation-Call-Web-Box-APRIL-2024-300x300.jpg 300w, https:\/\/optionsforher.org\/wp-content\/uploads\/2024\/05\/Options_Mothers-Day-Donation-Call-Web-Box-APRIL-2024-150x150.jpg 150w, https:\/\/optionsforher.org\/wp-content\/uploads\/2024\/05\/Options_Mothers-Day-Donation-Call-Web-Box-APRIL-2024-768x768.jpg 768w, https:\/\/optionsforher.org\/wp-content\/uploads\/2024\/05\/Options_Mothers-Day-Donation-Call-Web-Box-APRIL-2024-120x120.jpg 120w, https:\/\/optionsforher.org\/wp-content\/uploads\/2024\/05\/Options_Mothers-Day-Donation-Call-Web-Box-APRIL-2024.jpg 1118w\" sizes=\"auto, (max-width: 1024px) 100vw, 1024px\" \/><\/figure>\n<p>Bolsas de bendici\u00f3n &#8211; \u00a1\u00a1\u00a1Feliz D\u00eda de la Madre!!! Hemos preparado para ti bolsas de bendici\u00f3n para apoyarte a ti y a tu hermoso beb\u00e9.<\/p>\n\n<p>Nuestros socios y simpatizantes nos han proporcionado amablemente recursos esenciales como pa\u00f1ales, toallitas, ropa y mucho m\u00e1s, que est\u00e1n a tu disposici\u00f3n en nuestras bolsas de bendici\u00f3n. Si necesitas una bolsa de bendici\u00f3n, env\u00edanos un correo electr\u00f3nico a <a href=\"mailto:info@optionsforher.org\">info@optionsforher.org<\/a> hoy mismo.<\/p>\n\n<h2 class=\"wp-block-heading\">Asistencia material<\/h2>\n\n<p>Si lo solicitas, hacemos todo lo posible por proporcionarte art\u00edculos materiales limitados, como cunas, sillas infantiles, pa\u00f1ales, leche maternizada, comida para beb\u00e9s, biberones\/chupetes, ropa, etc. Las organizaciones privadas y los individuos donan todos los art\u00edculos y est\u00e1n sujetos a disponibilidad. No dejes que la falta de bienes materiales influya en tu decisi\u00f3n. \u00a1Estamos a tu disposici\u00f3n!<\/p>\n\n<h2 class=\"wp-block-heading\">Derivaciones comunitarias<\/h2>\n\n<p>Facilitamos derivaciones para Atenci\u00f3n Obst\u00e9trica y Servicios Sociales.<\/p>\n\n<p><strong>Vivienda y derivaciones m\u00e9dicas<\/strong><\/p>\n\n<p>Proporcionamos a las clientas asistencia en viviendas temporales o de transici\u00f3n mientras dure su embarazo. Adem\u00e1s, remitimos a nuestras clientas a m\u00e9dicos, cl\u00ednicas y hospitales locales para su atenci\u00f3n prenatal.<\/p>\n","protected":false},"excerpt":{"rendered":"<p>Bolsas de bendici\u00f3n &#8211; \u00a1\u00a1\u00a1Feliz D\u00eda de la Madre!!! Hemos preparado para ti bolsas de bendici\u00f3n para apoyarte a ti y a tu hermoso beb\u00e9. Nuestros socios y simpatizantes nos han proporcionado amablemente recursos esenciales como pa\u00f1ales, toallitas, ropa y mucho m\u00e1s, que est\u00e1n a tu disposici\u00f3n en nuestras bolsas de bendici\u00f3n. Si necesitas una<\/p>\n","protected":false},"author":12,"featured_media":0,"parent":7332,"menu_order":1,"comment_status":"closed","ping_status":"closed","template":"","meta":{"_acf_changed":false,"footnotes":""},"class_list":["post-7323","page","type-page","status-publish","hentry"],"acf":[],"yoast_head":"<!-- This site is optimized with the Yoast SEO plugin v27.4 - https:\/\/yoast.com\/product\/yoast-seo-wordpress\/ -->\n<title>Servicios de apoyo | Options for Her | Cherry Hill, Trenton, &amp; Ocean City, NJ<\/title>\n<meta name=\"description\" content=\"Read more about Servicios de apoyo in this page. Options for Her offers free pregnancy services for women in Cherry Hill, Trenton, and Ocean City, NJ. Contact us.\" \/>\n<meta name=\"robots\" content=\"index, follow, max-snippet:-1, max-image-preview:large, max-video-preview:-1\" \/>\n<link rel=\"canonical\" href=\"https:\/\/optionsforher.org\/es\/programas\/servicios-de-apoyo\/\" \/>\n<meta property=\"og:locale\" content=\"es_ES\" \/>\n<meta property=\"og:type\" content=\"article\" \/>\n<meta property=\"og:title\" content=\"Servicios de apoyo | Options for Her | Cherry Hill, Trenton, &amp; Ocean City, NJ\" \/>\n<meta property=\"og:description\" content=\"Read more about Servicios de apoyo in this page. Options for Her offers free pregnancy services for women in Cherry Hill, Trenton, and Ocean City, NJ. Contact us.\" \/>\n<meta property=\"og:url\" content=\"https:\/\/optionsforher.org\/es\/programas\/servicios-de-apoyo\/\" \/>\n<meta property=\"og:site_name\" content=\"Options for Her\" \/>\n<meta property=\"article:modified_time\" content=\"2024-05-09T21:34:23+00:00\" \/>\n<meta property=\"og:image\" content=\"https:\/\/optionsforher.org\/wp-content\/uploads\/2024\/05\/Options_Mothers-Day-Donation-Call-Web-Box-APRIL-2024-1024x1024.jpg\" \/>\n<meta name=\"twitter:card\" content=\"summary_large_image\" \/>\n<meta name=\"twitter:label1\" content=\"Est. reading time\" \/>\n\t<meta name=\"twitter:data1\" content=\"1 minute\" \/>\n<!-- \/ Yoast SEO plugin. -->","yoast_head_json":{"title":"Servicios de apoyo | Options for Her | Cherry Hill, Trenton, & Ocean City, NJ","description":"Read more about Servicios de apoyo in this page. Options for Her offers free pregnancy services for women in Cherry Hill, Trenton, and Ocean City, NJ. Contact us.","robots":{"index":"index","follow":"follow","max-snippet":"max-snippet:-1","max-image-preview":"max-image-preview:large","max-video-preview":"max-video-preview:-1"},"canonical":"https:\/\/optionsforher.org\/es\/programas\/servicios-de-apoyo\/","og_locale":"es_ES","og_type":"article","og_title":"Servicios de apoyo | Options for Her | Cherry Hill, Trenton, & Ocean City, NJ","og_description":"Read more about Servicios de apoyo in this page. Options for Her offers free pregnancy services for women in Cherry Hill, Trenton, and Ocean City, NJ. Contact us.","og_url":"https:\/\/optionsforher.org\/es\/programas\/servicios-de-apoyo\/","og_site_name":"Options for Her","article_modified_time":"2024-05-09T21:34:23+00:00","og_image":[{"url":"https:\/\/optionsforher.org\/wp-content\/uploads\/2024\/05\/Options_Mothers-Day-Donation-Call-Web-Box-APRIL-2024-1024x1024.jpg","type":"","width":"","height":""}],"twitter_card":"summary_large_image","twitter_misc":{"Est. reading time":"1 minute"},"schema":{"@context":"https:\/\/schema.org","@graph":[{"@type":"WebPage","@id":"https:\/\/optionsforher.org\/es\/programas\/servicios-de-apoyo\/","url":"https:\/\/optionsforher.org\/es\/programas\/servicios-de-apoyo\/","name":"Servicios de apoyo | Options for Her | Cherry Hill, Trenton, & Ocean City, NJ","isPartOf":{"@id":"https:\/\/optionsforher.org\/#website"},"primaryImageOfPage":{"@id":"https:\/\/optionsforher.org\/es\/programas\/servicios-de-apoyo\/#primaryimage"},"image":{"@id":"https:\/\/optionsforher.org\/es\/programas\/servicios-de-apoyo\/#primaryimage"},"thumbnailUrl":"https:\/\/optionsforher.org\/wp-content\/uploads\/2024\/05\/Options_Mothers-Day-Donation-Call-Web-Box-APRIL-2024-1024x1024.jpg","datePublished":"2023-08-02T19:17:30+00:00","dateModified":"2024-05-09T21:34:23+00:00","description":"Read more about Servicios de apoyo in this page. Options for Her offers free pregnancy services for women in Cherry Hill, Trenton, and Ocean City, NJ. Contact us.","breadcrumb":{"@id":"https:\/\/optionsforher.org\/es\/programas\/servicios-de-apoyo\/#breadcrumb"},"inLanguage":"es-ES","potentialAction":[{"@type":"ReadAction","target":["https:\/\/optionsforher.org\/es\/programas\/servicios-de-apoyo\/"]}]},{"@type":"ImageObject","inLanguage":"es-ES","@id":"https:\/\/optionsforher.org\/es\/programas\/servicios-de-apoyo\/#primaryimage","url":"https:\/\/optionsforher.org\/wp-content\/uploads\/2024\/05\/Options_Mothers-Day-Donation-Call-Web-Box-APRIL-2024-1024x1024.jpg","contentUrl":"https:\/\/optionsforher.org\/wp-content\/uploads\/2024\/05\/Options_Mothers-Day-Donation-Call-Web-Box-APRIL-2024-1024x1024.jpg"},{"@type":"BreadcrumbList","@id":"https:\/\/optionsforher.org\/es\/programas\/servicios-de-apoyo\/#breadcrumb","itemListElement":[{"@type":"ListItem","position":1,"name":"Home","item":"https:\/\/optionsforher.org\/es\/"},{"@type":"ListItem","position":2,"name":"Programas","item":"https:\/\/optionsforher.org\/es\/programas\/"},{"@type":"ListItem","position":3,"name":"Servicios de apoyo"}]},{"@type":"WebSite","@id":"https:\/\/optionsforher.org\/#website","url":"https:\/\/optionsforher.org\/","name":"Options for Her","description":"","potentialAction":[{"@type":"SearchAction","target":{"@type":"EntryPoint","urlTemplate":"https:\/\/optionsforher.org\/?s={search_term_string}"},"query-input":{"@type":"PropertyValueSpecification","valueRequired":true,"valueName":"search_term_string"}}],"inLanguage":"es-ES"}]}},"_links":{"self":[{"href":"https:\/\/optionsforher.org\/es\/wp-json\/wp\/v2\/pages\/7323","targetHints":{"allow":["GET"]}}],"collection":[{"href":"https:\/\/optionsforher.org\/es\/wp-json\/wp\/v2\/pages"}],"about":[{"href":"https:\/\/optionsforher.org\/es\/wp-json\/wp\/v2\/types\/page"}],"author":[{"embeddable":true,"href":"https:\/\/optionsforher.org\/es\/wp-json\/wp\/v2\/users\/12"}],"replies":[{"embeddable":true,"href":"https:\/\/optionsforher.org\/es\/wp-json\/wp\/v2\/comments?post=7323"}],"version-history":[{"count":5,"href":"https:\/\/optionsforher.org\/es\/wp-json\/wp\/v2\/pages\/7323\/revisions"}],"predecessor-version":[{"id":7492,"href":"https:\/\/optionsforher.org\/es\/wp-json\/wp\/v2\/pages\/7323\/revisions\/7492"}],"up":[{"embeddable":true,"href":"https:\/\/optionsforher.org\/es\/wp-json\/wp\/v2\/pages\/7332"}],"wp:attachment":[{"href":"https:\/\/optionsforher.org\/es\/wp-json\/wp\/v2\/media?parent=7323"}],"curies":[{"name":"wp","href":"https:\/\/api.w.org\/{rel}","templated":true}]}}