{"id":7322,"date":"2023-08-02T07:41:15","date_gmt":"2023-08-02T11:41:15","guid":{"rendered":"https:\/\/optionsforher.org\/recuperacion-del-aborto\/"},"modified":"2024-05-09T17:56:01","modified_gmt":"2024-05-09T21:56:01","slug":"recuperacion-del-aborto","status":"publish","type":"page","link":"https:\/\/optionsforher.org\/es\/programas\/recuperacion-del-aborto\/","title":{"rendered":"Recuperaci\u00f3n del aborto"},"content":{"rendered":"\n<p>Nuestra clase de Curaci\u00f3n y Recuperaci\u00f3n del Aborto se ha creado para quienes puedan estar luchando contra sentimientos de dolor, arrepentimiento y confusi\u00f3n remanentes de un(os) aborto(s) pasado(s). Nuestro cari\u00f1oso personal y equipo est\u00e1n a tu disposici\u00f3n para facilitar las discusiones de grupo mientras recorren contigo el camino hacia la sanaci\u00f3n y la restauraci\u00f3n emocional y espiritual. Ven y encuentra la sanaci\u00f3n, libre de juicios y llena de esperanza para el futuro. <\/p>\n\n<figure class=\"wp-block-image size-full is-resized\"><img loading=\"lazy\" decoding=\"async\" width=\"840\" height=\"840\" src=\"https:\/\/optionsforher.org\/wp-content\/uploads\/2024\/04\/Options_Healing-and-Hope-Abortion-Recovery-Class-Webbox-2024.jpg\" alt=\"\" class=\"wp-image-7096\" style=\"width:243px;height:auto\" srcset=\"https:\/\/optionsforher.org\/wp-content\/uploads\/2024\/04\/Options_Healing-and-Hope-Abortion-Recovery-Class-Webbox-2024.jpg 840w, https:\/\/optionsforher.org\/wp-content\/uploads\/2024\/04\/Options_Healing-and-Hope-Abortion-Recovery-Class-Webbox-2024-300x300.jpg 300w, https:\/\/optionsforher.org\/wp-content\/uploads\/2024\/04\/Options_Healing-and-Hope-Abortion-Recovery-Class-Webbox-2024-150x150.jpg 150w, https:\/\/optionsforher.org\/wp-content\/uploads\/2024\/04\/Options_Healing-and-Hope-Abortion-Recovery-Class-Webbox-2024-768x768.jpg 768w, https:\/\/optionsforher.org\/wp-content\/uploads\/2024\/04\/Options_Healing-and-Hope-Abortion-Recovery-Class-Webbox-2024-120x120.jpg 120w\" sizes=\"auto, (max-width: 840px) 100vw, 840px\" \/><\/figure>\n<h2 class=\"wp-block-heading\">\n          <strong>\u00a1Sanaci\u00f3n y esperanza en las clases de recuperaci\u00f3n del aborto con Options for Her!<\/strong>\n        <\/h2>\n\n<p>\u00bfEst\u00e1s t\u00fa o alguien que conoces buscando sanaci\u00f3n, libertad y perd\u00f3n del dolor y la culpa que siguen al aborto? Te invitamos a que te unas a nosotros en nuestra clase de Sanaci\u00f3n y Esperanza del Aborto. Esta clase de 10 semanas ayudar\u00e1 a las mujeres a mirar las heridas y las emociones que acompa\u00f1an al aborto, y las guiar\u00e1 amorosamente hacia la gracia de Dios y Su renovaci\u00f3n de la mente. La sanaci\u00f3n y el perd\u00f3n no tienen una l\u00ednea de tiempo; ya lleves sufriendo d\u00edas, meses o incluso a\u00f1os, aqu\u00ed no se juzga a nadie. <\/p>\n\n<p>Esta clase utilizar\u00e1 SalvarUno: El Estudio de la Mujer*, escrito espec\u00edficamente para mujeres que buscan la liberaci\u00f3n tras un aborto. Este libro te servir\u00e1 tanto de gu\u00eda como de cuaderno de ejercicios.<\/p>\n\n<p>\u00danete a nosotros los mi\u00e9rcoles a partir del mi\u00e9rcoles 15 de mayo de 19:00 a 20:30 para aprender c\u00f3mo puedes confiar en nuestro amoroso Creador para tener el valor de liberarte del pasado y avanzar hacia un futuro lleno de gracia y redenci\u00f3n. \u00a1Inscr\u00edbete hoy <a href=\"https:\/\/secure.fundeasy.com\/ministrysync\/event\/home.php?e=27333\" data-wpel-link=\"external\" rel=\"external noopener noreferrer\">AQU\u00cd<\/a> en las Clases de Recuperaci\u00f3n de la Sanaci\u00f3n y la Esperanza tras un Aborto!<\/p>\n\n<p>\u00a1Para m\u00e1s informaci\u00f3n o respuestas a preguntas sobre nuestras pr\u00f3ximas clases, env\u00eda un correo electr\u00f3nico a Amy a abrown@optionsforher.org!<\/p>\n\n<p>*Todos los materiales y el plan de estudios se proporcionar\u00e1n a quienes se inscriban sin costo alguno.<\/p>\n","protected":false},"excerpt":{"rendered":"<p>Nuestra clase de Sanaci\u00f3n y Recuperaci\u00f3n del Aborto se ha creado para quienes puedan estar luchando contra sentimientos de dolor, arrepentimiento y confusi\u00f3n remanentes de un(os) aborto(s) pasado(s).<\/p>\n","protected":false},"author":12,"featured_media":7258,"parent":7332,"menu_order":3,"comment_status":"closed","ping_status":"closed","template":"","meta":{"_acf_changed":false,"footnotes":""},"class_list":["post-7322","page","type-page","status-publish","has-post-thumbnail","hentry"],"acf":[],"yoast_head":"<!-- This site is optimized with the Yoast SEO plugin v27.4 - https:\/\/yoast.com\/product\/yoast-seo-wordpress\/ -->\n<title>Recuperaci\u00f3n del aborto | Options for Her | Cherry Hill, Trenton, &amp; Ocean City, NJ<\/title>\n<meta name=\"description\" content=\"Read more about Recuperaci\u00f3n del aborto in this page. Options for Her offers free pregnancy services for women in Cherry Hill, Trenton, and Ocean City, NJ. Contact us.\" \/>\n<meta name=\"robots\" content=\"index, follow, max-snippet:-1, max-image-preview:large, max-video-preview:-1\" \/>\n<link rel=\"canonical\" href=\"https:\/\/optionsforher.org\/es\/programas\/recuperacion-del-aborto\/\" \/>\n<meta property=\"og:locale\" content=\"es_ES\" \/>\n<meta property=\"og:type\" content=\"article\" \/>\n<meta property=\"og:title\" content=\"Recuperaci\u00f3n del aborto | Options for Her | Cherry Hill, Trenton, &amp; Ocean City, NJ\" \/>\n<meta property=\"og:description\" content=\"Read more about Recuperaci\u00f3n del aborto in this page. Options for Her offers free pregnancy services for women in Cherry Hill, Trenton, and Ocean City, NJ. Contact us.\" \/>\n<meta property=\"og:url\" content=\"https:\/\/optionsforher.org\/es\/programas\/recuperacion-del-aborto\/\" \/>\n<meta property=\"og:site_name\" content=\"Options for Her\" \/>\n<meta property=\"article:modified_time\" content=\"2024-05-09T21:56:01+00:00\" \/>\n<meta property=\"og:image\" content=\"https:\/\/optionsforher.org\/wp-content\/uploads\/2023\/08\/image-8.png\" \/>\n\t<meta property=\"og:image:width\" content=\"343\" \/>\n\t<meta property=\"og:image:height\" content=\"351\" \/>\n\t<meta property=\"og:image:type\" content=\"image\/png\" \/>\n<meta name=\"twitter:card\" content=\"summary_large_image\" \/>\n<meta name=\"twitter:label1\" content=\"Est. reading time\" \/>\n\t<meta name=\"twitter:data1\" content=\"2 minutes\" \/>\n<!-- \/ Yoast SEO plugin. -->","yoast_head_json":{"title":"Recuperaci\u00f3n del aborto | Options for Her | Cherry Hill, Trenton, & Ocean City, NJ","description":"Read more about Recuperaci\u00f3n del aborto in this page. Options for Her offers free pregnancy services for women in Cherry Hill, Trenton, and Ocean City, NJ. Contact us.","robots":{"index":"index","follow":"follow","max-snippet":"max-snippet:-1","max-image-preview":"max-image-preview:large","max-video-preview":"max-video-preview:-1"},"canonical":"https:\/\/optionsforher.org\/es\/programas\/recuperacion-del-aborto\/","og_locale":"es_ES","og_type":"article","og_title":"Recuperaci\u00f3n del aborto | Options for Her | Cherry Hill, Trenton, & Ocean City, NJ","og_description":"Read more about Recuperaci\u00f3n del aborto in this page. Options for Her offers free pregnancy services for women in Cherry Hill, Trenton, and Ocean City, NJ. Contact us.","og_url":"https:\/\/optionsforher.org\/es\/programas\/recuperacion-del-aborto\/","og_site_name":"Options for Her","article_modified_time":"2024-05-09T21:56:01+00:00","og_image":[{"width":343,"height":351,"url":"https:\/\/optionsforher.org\/wp-content\/uploads\/2023\/08\/image-8.png","type":"image\/png"}],"twitter_card":"summary_large_image","twitter_misc":{"Est. reading time":"2 minutes"},"schema":{"@context":"https:\/\/schema.org","@graph":[{"@type":"WebPage","@id":"https:\/\/optionsforher.org\/es\/programas\/recuperacion-del-aborto\/","url":"https:\/\/optionsforher.org\/es\/programas\/recuperacion-del-aborto\/","name":"Recuperaci\u00f3n del aborto | Options for Her | Cherry Hill, Trenton, & Ocean City, NJ","isPartOf":{"@id":"https:\/\/optionsforher.org\/#website"},"primaryImageOfPage":{"@id":"https:\/\/optionsforher.org\/es\/programas\/recuperacion-del-aborto\/#primaryimage"},"image":{"@id":"https:\/\/optionsforher.org\/es\/programas\/recuperacion-del-aborto\/#primaryimage"},"thumbnailUrl":"https:\/\/optionsforher.org\/wp-content\/uploads\/2023\/08\/image-8.png","datePublished":"2023-08-02T11:41:15+00:00","dateModified":"2024-05-09T21:56:01+00:00","description":"Read more about Recuperaci\u00f3n del aborto in this page. Options for Her offers free pregnancy services for women in Cherry Hill, Trenton, and Ocean City, NJ. Contact us.","breadcrumb":{"@id":"https:\/\/optionsforher.org\/es\/programas\/recuperacion-del-aborto\/#breadcrumb"},"inLanguage":"es-ES","potentialAction":[{"@type":"ReadAction","target":["https:\/\/optionsforher.org\/es\/programas\/recuperacion-del-aborto\/"]}]},{"@type":"ImageObject","inLanguage":"es-ES","@id":"https:\/\/optionsforher.org\/es\/programas\/recuperacion-del-aborto\/#primaryimage","url":"https:\/\/optionsforher.org\/wp-content\/uploads\/2023\/08\/image-8.png","contentUrl":"https:\/\/optionsforher.org\/wp-content\/uploads\/2023\/08\/image-8.png","width":343,"height":351},{"@type":"BreadcrumbList","@id":"https:\/\/optionsforher.org\/es\/programas\/recuperacion-del-aborto\/#breadcrumb","itemListElement":[{"@type":"ListItem","position":1,"name":"Home","item":"https:\/\/optionsforher.org\/es\/"},{"@type":"ListItem","position":2,"name":"Programas","item":"https:\/\/optionsforher.org\/es\/programas\/"},{"@type":"ListItem","position":3,"name":"Recuperaci\u00f3n del aborto"}]},{"@type":"WebSite","@id":"https:\/\/optionsforher.org\/#website","url":"https:\/\/optionsforher.org\/","name":"Options for Her","description":"","potentialAction":[{"@type":"SearchAction","target":{"@type":"EntryPoint","urlTemplate":"https:\/\/optionsforher.org\/?s={search_term_string}"},"query-input":{"@type":"PropertyValueSpecification","valueRequired":true,"valueName":"search_term_string"}}],"inLanguage":"es-ES"}]}},"_links":{"self":[{"href":"https:\/\/optionsforher.org\/es\/wp-json\/wp\/v2\/pages\/7322","targetHints":{"allow":["GET"]}}],"collection":[{"href":"https:\/\/optionsforher.org\/es\/wp-json\/wp\/v2\/pages"}],"about":[{"href":"https:\/\/optionsforher.org\/es\/wp-json\/wp\/v2\/types\/page"}],"author":[{"embeddable":true,"href":"https:\/\/optionsforher.org\/es\/wp-json\/wp\/v2\/users\/12"}],"replies":[{"embeddable":true,"href":"https:\/\/optionsforher.org\/es\/wp-json\/wp\/v2\/comments?post=7322"}],"version-history":[{"count":5,"href":"https:\/\/optionsforher.org\/es\/wp-json\/wp\/v2\/pages\/7322\/revisions"}],"predecessor-version":[{"id":7498,"href":"https:\/\/optionsforher.org\/es\/wp-json\/wp\/v2\/pages\/7322\/revisions\/7498"}],"up":[{"embeddable":true,"href":"https:\/\/optionsforher.org\/es\/wp-json\/wp\/v2\/pages\/7332"}],"wp:featuredmedia":[{"embeddable":true,"href":"https:\/\/optionsforher.org\/es\/wp-json\/wp\/v2\/media\/7258"}],"wp:attachment":[{"href":"https:\/\/optionsforher.org\/es\/wp-json\/wp\/v2\/media?parent=7322"}],"curies":[{"name":"wp","href":"https:\/\/api.w.org\/{rel}","templated":true}]}}