{"id":7319,"date":"2023-08-02T15:30:55","date_gmt":"2023-08-02T19:30:55","guid":{"rendered":"https:\/\/optionsforher.org\/anulacion-de-la-pildora-abortiva\/"},"modified":"2024-05-09T17:24:58","modified_gmt":"2024-05-09T21:24:58","slug":"anulacion-de-la-pildora-abortiva","status":"publish","type":"page","link":"https:\/\/optionsforher.org\/es\/servicios\/anulacion-de-la-pildora-abortiva\/","title":{"rendered":"Inversi\u00f3n de la pastilla abortiva"},"content":{"rendered":"\n<p>\u00bfHas cambiado de opini\u00f3n sobre el aborto? \u00bfTe arrepientes de haber tomado el primer f\u00e1rmaco del r\u00e9gimen de pastillas abortivas? Puede que no sea demasiado tarde para tu embarazo. T\u00f3mate un respiro y act\u00faa r\u00e1pidamente si es posible.<\/p>\n\n<p>Muchas mujeres han estado justo donde t\u00fa est\u00e1s, y han invertido los efectos del primer f\u00e1rmaco del proceso de la pastilla abortiva. No esperes. Llama hoy a la L\u00ednea de Ayuda para la Inversi\u00f3n de la Pastilla Abortiva al 1-877-558-0333. <\/p>\n\n<p>Sabemos que es un momento de miedo, pero no est\u00e1s sola. Paso a paso. <\/p>\n\n<h2 class=\"wp-block-heading\">\u00bfC\u00f3mo funciona?<\/h2>\n\n<p>El proceso de inversi\u00f3n de la pastilla abortiva es seguro y eficaz. Es importante tener en cuenta que este m\u00e9todo s\u00f3lo es eficaz cuando se ha tomado el primer f\u00e1rmaco, <a href=\"https:\/\/www.webmd.com\/drugs\/2\/drug-20222-325\/mifepristone-oral\/mifepristone-oral\/details\" data-wpel-link=\"external\" rel=\"external noopener noreferrer\">la mifepristona<\/a>. <\/p>\n\n<p>El <a href=\"https:\/\/americanpregnancy.org\/unplanned-pregnancy\/abortion-pill-reversal\/\" data-wpel-link=\"external\" rel=\"external noopener noreferrer\">procedimiento de inversi\u00f3n de la pastilla abor<\/a>tiva consiste en tomar progesterona para contrarrestar los efectos de este primer f\u00e1rmaco del r\u00e9gimen. Cuando este tratamiento se toma en las 24 horas siguientes a la toma de mifepristona, puede salvar el embarazo. Si ya has tomado el segundo f\u00e1rmaco, el misoprostol, este procedimiento no funcionar\u00e1. <\/p>\n\n<p>Consigue ayuda inmediata lo antes posible para aumentar el porcentaje de \u00e9xito. La progesterona se ha utilizado con seguridad para apoyar un embarazo durante m\u00e1s de 50 a\u00f1os y no se sabe que cause ning\u00fan efecto adverso. Hay un 62% de posibilidades de salvar el embarazo si se hace en 24 horas.<\/p>\n\n<h2 class=\"wp-block-heading\">\u00bfEs demasiado tarde?<\/h2>\n\n<p>\u00bfNo est\u00e1s segura de si es demasiado tarde para salvar tu embarazo? La elecci\u00f3n del momento es esencial para la eficacia del proceso de inversi\u00f3n de la pastilla abortiva. No lo dudes m\u00e1s y empieza la inversi\u00f3n de la pastilla abortiva lo antes posible, idealmente en las 24 horas siguientes a la toma de la mifepristona.<\/p>\n\n<p><a href=\"https:\/\/www.abortionpillreversal.com\/\" data-wpel-link=\"external\" rel=\"external noopener noreferrer\">Abortion Pill Rescue<\/a> comparte que incluso el tratamiento tomado 72 horas despu\u00e9s de la primera pastilla abortiva ha tenido \u00e9xito para las mujeres. Llama a la<a href=\"https:\/\/abortionpillreversal.com\/contact\" data-wpel-link=\"external\" rel=\"external noopener noreferrer\"> L\u00ednea de Ayuda para la Inversi\u00f3n de la Pastilla Abortiva<\/a> para explicar tu situaci\u00f3n particular y empezar de inmediato. \u00a1Revertir el proceso es posible!<\/p>\n","protected":false},"excerpt":{"rendered":"<p>\u00bfHas cambiado de opini\u00f3n sobre el aborto? \u00bfTe arrepientes de haber tomado el primer f\u00e1rmaco del r\u00e9gimen de pastillas abortivas? Puede que no sea demasiado tarde para tu embarazo. T\u00f3mate un respiro y act\u00faa r\u00e1pidamente si es posible. Muchas mujeres han estado justo donde t\u00fa est\u00e1s, y han invertido los efectos del primer f\u00e1rmaco del<\/p>\n","protected":false},"author":12,"featured_media":7259,"parent":7376,"menu_order":3,"comment_status":"closed","ping_status":"closed","template":"","meta":{"_acf_changed":false,"footnotes":""},"class_list":["post-7319","page","type-page","status-publish","has-post-thumbnail","hentry"],"acf":[],"yoast_head":"<!-- This site is optimized with the Yoast SEO plugin v27.4 - https:\/\/yoast.com\/product\/yoast-seo-wordpress\/ -->\n<title>Inversi\u00f3n de la pastilla abortiva | Options for Her | Cherry Hill, Trenton, &amp; Ocean City, NJ<\/title>\n<meta name=\"description\" content=\"Read more about Inversi\u00f3n de la pastilla abortiva in this page. Options for Her offers free pregnancy services for women in Cherry Hill, Trenton, and Ocean City, NJ. Contact us.\" \/>\n<meta name=\"robots\" content=\"index, follow, max-snippet:-1, max-image-preview:large, max-video-preview:-1\" \/>\n<link rel=\"canonical\" href=\"https:\/\/optionsforher.org\/es\/servicios\/anulacion-de-la-pildora-abortiva\/\" \/>\n<meta property=\"og:locale\" content=\"es_ES\" \/>\n<meta property=\"og:type\" content=\"article\" \/>\n<meta property=\"og:title\" content=\"Inversi\u00f3n de la pastilla abortiva | Options for Her | Cherry Hill, Trenton, &amp; Ocean City, NJ\" \/>\n<meta property=\"og:description\" content=\"Read more about Inversi\u00f3n de la pastilla abortiva in this page. Options for Her offers free pregnancy services for women in Cherry Hill, Trenton, and Ocean City, NJ. Contact us.\" \/>\n<meta property=\"og:url\" content=\"https:\/\/optionsforher.org\/es\/servicios\/anulacion-de-la-pildora-abortiva\/\" \/>\n<meta property=\"og:site_name\" content=\"Options for Her\" \/>\n<meta property=\"article:modified_time\" content=\"2024-05-09T21:24:58+00:00\" \/>\n<meta property=\"og:image\" content=\"https:\/\/optionsforher.org\/wp-content\/uploads\/2023\/08\/abpr-293x300-1.png\" \/>\n\t<meta property=\"og:image:width\" content=\"293\" \/>\n\t<meta property=\"og:image:height\" content=\"300\" \/>\n\t<meta property=\"og:image:type\" content=\"image\/png\" \/>\n<meta name=\"twitter:card\" content=\"summary_large_image\" \/>\n<meta name=\"twitter:label1\" content=\"Est. reading time\" \/>\n\t<meta name=\"twitter:data1\" content=\"2 minutes\" \/>\n<!-- \/ Yoast SEO plugin. -->","yoast_head_json":{"title":"Inversi\u00f3n de la pastilla abortiva | Options for Her | Cherry Hill, Trenton, & Ocean City, NJ","description":"Read more about Inversi\u00f3n de la pastilla abortiva in this page. Options for Her offers free pregnancy services for women in Cherry Hill, Trenton, and Ocean City, NJ. Contact us.","robots":{"index":"index","follow":"follow","max-snippet":"max-snippet:-1","max-image-preview":"max-image-preview:large","max-video-preview":"max-video-preview:-1"},"canonical":"https:\/\/optionsforher.org\/es\/servicios\/anulacion-de-la-pildora-abortiva\/","og_locale":"es_ES","og_type":"article","og_title":"Inversi\u00f3n de la pastilla abortiva | Options for Her | Cherry Hill, Trenton, & Ocean City, NJ","og_description":"Read more about Inversi\u00f3n de la pastilla abortiva in this page. Options for Her offers free pregnancy services for women in Cherry Hill, Trenton, and Ocean City, NJ. Contact us.","og_url":"https:\/\/optionsforher.org\/es\/servicios\/anulacion-de-la-pildora-abortiva\/","og_site_name":"Options for Her","article_modified_time":"2024-05-09T21:24:58+00:00","og_image":[{"width":293,"height":300,"url":"https:\/\/optionsforher.org\/wp-content\/uploads\/2023\/08\/abpr-293x300-1.png","type":"image\/png"}],"twitter_card":"summary_large_image","twitter_misc":{"Est. reading time":"2 minutes"},"schema":{"@context":"https:\/\/schema.org","@graph":[{"@type":"WebPage","@id":"https:\/\/optionsforher.org\/es\/servicios\/anulacion-de-la-pildora-abortiva\/","url":"https:\/\/optionsforher.org\/es\/servicios\/anulacion-de-la-pildora-abortiva\/","name":"Inversi\u00f3n de la pastilla abortiva | Options for Her | Cherry Hill, Trenton, & Ocean City, NJ","isPartOf":{"@id":"https:\/\/optionsforher.org\/#website"},"primaryImageOfPage":{"@id":"https:\/\/optionsforher.org\/es\/servicios\/anulacion-de-la-pildora-abortiva\/#primaryimage"},"image":{"@id":"https:\/\/optionsforher.org\/es\/servicios\/anulacion-de-la-pildora-abortiva\/#primaryimage"},"thumbnailUrl":"https:\/\/optionsforher.org\/wp-content\/uploads\/2023\/08\/abpr-293x300-1.png","datePublished":"2023-08-02T19:30:55+00:00","dateModified":"2024-05-09T21:24:58+00:00","description":"Read more about Inversi\u00f3n de la pastilla abortiva in this page. Options for Her offers free pregnancy services for women in Cherry Hill, Trenton, and Ocean City, NJ. Contact us.","breadcrumb":{"@id":"https:\/\/optionsforher.org\/es\/servicios\/anulacion-de-la-pildora-abortiva\/#breadcrumb"},"inLanguage":"es-ES","potentialAction":[{"@type":"ReadAction","target":["https:\/\/optionsforher.org\/es\/servicios\/anulacion-de-la-pildora-abortiva\/"]}]},{"@type":"ImageObject","inLanguage":"es-ES","@id":"https:\/\/optionsforher.org\/es\/servicios\/anulacion-de-la-pildora-abortiva\/#primaryimage","url":"https:\/\/optionsforher.org\/wp-content\/uploads\/2023\/08\/abpr-293x300-1.png","contentUrl":"https:\/\/optionsforher.org\/wp-content\/uploads\/2023\/08\/abpr-293x300-1.png","width":293,"height":300},{"@type":"BreadcrumbList","@id":"https:\/\/optionsforher.org\/es\/servicios\/anulacion-de-la-pildora-abortiva\/#breadcrumb","itemListElement":[{"@type":"ListItem","position":1,"name":"Home","item":"https:\/\/optionsforher.org\/es\/"},{"@type":"ListItem","position":2,"name":"Servicios","item":"https:\/\/optionsforher.org\/servicios\/"},{"@type":"ListItem","position":3,"name":"Inversi\u00f3n de la pastilla abortiva"}]},{"@type":"WebSite","@id":"https:\/\/optionsforher.org\/#website","url":"https:\/\/optionsforher.org\/","name":"Options for Her","description":"","potentialAction":[{"@type":"SearchAction","target":{"@type":"EntryPoint","urlTemplate":"https:\/\/optionsforher.org\/?s={search_term_string}"},"query-input":{"@type":"PropertyValueSpecification","valueRequired":true,"valueName":"search_term_string"}}],"inLanguage":"es-ES"}]}},"_links":{"self":[{"href":"https:\/\/optionsforher.org\/es\/wp-json\/wp\/v2\/pages\/7319","targetHints":{"allow":["GET"]}}],"collection":[{"href":"https:\/\/optionsforher.org\/es\/wp-json\/wp\/v2\/pages"}],"about":[{"href":"https:\/\/optionsforher.org\/es\/wp-json\/wp\/v2\/types\/page"}],"author":[{"embeddable":true,"href":"https:\/\/optionsforher.org\/es\/wp-json\/wp\/v2\/users\/12"}],"replies":[{"embeddable":true,"href":"https:\/\/optionsforher.org\/es\/wp-json\/wp\/v2\/comments?post=7319"}],"version-history":[{"count":5,"href":"https:\/\/optionsforher.org\/es\/wp-json\/wp\/v2\/pages\/7319\/revisions"}],"predecessor-version":[{"id":7487,"href":"https:\/\/optionsforher.org\/es\/wp-json\/wp\/v2\/pages\/7319\/revisions\/7487"}],"up":[{"embeddable":true,"href":"https:\/\/optionsforher.org\/es\/wp-json\/wp\/v2\/pages\/7376"}],"wp:featuredmedia":[{"embeddable":true,"href":"https:\/\/optionsforher.org\/es\/wp-json\/wp\/v2\/media\/7259"}],"wp:attachment":[{"href":"https:\/\/optionsforher.org\/es\/wp-json\/wp\/v2\/media?parent=7319"}],"curies":[{"name":"wp","href":"https:\/\/api.w.org\/{rel}","templated":true}]}}