{"id":7318,"date":"2023-05-11T06:44:08","date_gmt":"2023-05-11T10:44:08","guid":{"rendered":"https:\/\/optionsforher.org\/unidad-movil\/"},"modified":"2024-05-09T17:08:37","modified_gmt":"2024-05-09T21:08:37","slug":"unidad-movil","status":"publish","type":"page","link":"https:\/\/optionsforher.org\/es\/servicios\/unidad-movil\/","title":{"rendered":"Unidad m\u00f3vil"},"content":{"rendered":"\n<p>\u00a1Ofrecemos servicios de confirmaci\u00f3n del embarazo en nuestra Unidad M\u00f3vil! Aqu\u00ed tienes m\u00e1s informaci\u00f3n sobre nuestros servicios para embarazadas, gratuitos y totalmente confidenciales. Si por alguna raz\u00f3n no puedes venir a vernos, podemos ir a verte con nuestra unidad m\u00f3vil.<\/p>\n\n<p>Servimos a la comunidad de South Jersey con nuestra unidad m\u00e9dica m\u00f3vil equipada con un ba\u00f1o confidencial totalmente funcional, una mesa de exploraci\u00f3n y un ec\u00f3grafo. El personal profesional y el equipo m\u00e9dico se desplazan por las comunidades de South Jersey para ofrecer servicios m\u00e9dicos c\u00f3modos y confidenciales fuera de nuestras oficinas. <\/p>\n\n<h2 class=\"wp-block-heading\">Servicios de embarazo gratuitos<\/h2>\n\n<p>Obt\u00e9n la claridad que necesitas para seguir adelante con una decisi\u00f3n de embarazo con la prueba de embarazo y ecograf\u00eda sin costo en nuestro centro hoy mismo. Nuestras pruebas de embarazo son de calidad m\u00e9dica y muy precisas. Podemos ayudarte a obtener las respuestas que necesitas.<\/p>\n\n<p>Tras una prueba de embarazo positiva, es probable que tengas muchas preguntas o sentimientos de ansiedad. Contin\u00faa tu viaje de confirmaci\u00f3n del embarazo con una ecograf\u00eda gratuita en nuestro centro. Estamos aqu\u00ed para ayudarte.<\/p>\n\n<p>Si a\u00fan no lo has hecho, empieza con una prueba de embarazo gratuita, y podemos seguir a partir de ah\u00ed.<\/p>\n\n<h2 class=\"wp-block-heading\">Educaci\u00f3n sobre opciones de embarazo<\/h2>\n\n<p>Tienes tres opciones de embarazo: el aborto, la adopci\u00f3n y la paternidad. Inf\u00f3rmate sobre los tres, sin presiones ni juicios, en nuestro centro hoy mismo. Te mereces los hechos.<\/p>\n\n<h2 class=\"wp-block-heading\">\u00bfQu\u00e9 sigue?<\/h2>\n\n<p>Nuestro personal se reunir\u00e1 contigo para discutir tus opciones y ofrecerte apoyo. Nos comprometemos a proporcionarte todo lo que necesites para tomar una decisi\u00f3n informada para tu futuro.<\/p>\n\n<p><a href=\"https:\/\/optionsforher.org\/es\/ponte-en-contacto-con\/\" data-wpel-link=\"internal\">Programa<\/a> hoy mismo una cita gratuita.<\/p>\n\n<figure class=\"wp-block-image size-full\"><img loading=\"lazy\" decoding=\"async\" width=\"1000\" height=\"500\" src=\"https:\/\/optionsforher.org\/wp-content\/uploads\/2023\/08\/New-Wrap-Final-1.jpg\" alt=\"\" class=\"wp-image-6852\" srcset=\"https:\/\/optionsforher.org\/wp-content\/uploads\/2023\/08\/New-Wrap-Final-1.jpg 1000w, https:\/\/optionsforher.org\/wp-content\/uploads\/2023\/08\/New-Wrap-Final-1-300x150.jpg 300w, https:\/\/optionsforher.org\/wp-content\/uploads\/2023\/08\/New-Wrap-Final-1-768x384.jpg 768w, https:\/\/optionsforher.org\/wp-content\/uploads\/2023\/08\/New-Wrap-Final-1-120x60.jpg 120w\" sizes=\"auto, (max-width: 1000px) 100vw, 1000px\" \/><\/figure>","protected":false},"excerpt":{"rendered":"<p>\u00a1Ofrecemos servicios de confirmaci\u00f3n del embarazo en nuestra Unidad M\u00f3vil! Aqu\u00ed tienes m\u00e1s informaci\u00f3n sobre nuestros servicios de embarazo, gratuitos y totalmente confidenciales. Si por alguna raz\u00f3n no puedes venir a vernos, podemos ir a verte con nuestra unidad m\u00f3vil.<\/p>\n","protected":false},"author":12,"featured_media":7266,"parent":7376,"menu_order":2,"comment_status":"closed","ping_status":"closed","template":"","meta":{"_acf_changed":false,"footnotes":""},"class_list":["post-7318","page","type-page","status-publish","has-post-thumbnail","hentry"],"acf":[],"yoast_head":"<!-- This site is optimized with the Yoast SEO plugin v27.5 - https:\/\/yoast.com\/product\/yoast-seo-wordpress\/ -->\n<title>Unidad m\u00f3vil | Options for Her | Cherry Hill, Trenton, &amp; Ocean City, NJ<\/title>\n<meta name=\"description\" content=\"Read more about Unidad m\u00f3vil in this page. Options for Her offers free pregnancy services for women in Cherry Hill, Trenton, and Ocean City, NJ. Contact us.\" \/>\n<meta name=\"robots\" content=\"index, follow, max-snippet:-1, max-image-preview:large, max-video-preview:-1\" \/>\n<link rel=\"canonical\" href=\"https:\/\/optionsforher.org\/es\/servicios\/unidad-movil\/\" \/>\n<meta property=\"og:locale\" content=\"es_ES\" \/>\n<meta property=\"og:type\" content=\"article\" \/>\n<meta property=\"og:title\" content=\"Unidad m\u00f3vil | Options for Her | Cherry Hill, Trenton, &amp; Ocean City, NJ\" \/>\n<meta property=\"og:description\" content=\"Read more about Unidad m\u00f3vil in this page. Options for Her offers free pregnancy services for women in Cherry Hill, Trenton, and Ocean City, NJ. Contact us.\" \/>\n<meta property=\"og:url\" content=\"https:\/\/optionsforher.org\/es\/servicios\/unidad-movil\/\" \/>\n<meta property=\"og:site_name\" content=\"Options for Her\" \/>\n<meta property=\"article:modified_time\" content=\"2024-05-09T21:08:37+00:00\" \/>\n<meta property=\"og:image\" content=\"https:\/\/optionsforher.org\/wp-content\/uploads\/2023\/08\/mobile-unit-black.png\" \/>\n\t<meta property=\"og:image:width\" content=\"343\" \/>\n\t<meta property=\"og:image:height\" content=\"351\" \/>\n\t<meta property=\"og:image:type\" content=\"image\/png\" \/>\n<meta name=\"twitter:card\" content=\"summary_large_image\" \/>\n<meta name=\"twitter:label1\" content=\"Est. reading time\" \/>\n\t<meta name=\"twitter:data1\" content=\"2 minutes\" \/>\n<!-- \/ Yoast SEO plugin. -->","yoast_head_json":{"title":"Unidad m\u00f3vil | Options for Her | Cherry Hill, Trenton, & Ocean City, NJ","description":"Read more about Unidad m\u00f3vil in this page. Options for Her offers free pregnancy services for women in Cherry Hill, Trenton, and Ocean City, NJ. Contact us.","robots":{"index":"index","follow":"follow","max-snippet":"max-snippet:-1","max-image-preview":"max-image-preview:large","max-video-preview":"max-video-preview:-1"},"canonical":"https:\/\/optionsforher.org\/es\/servicios\/unidad-movil\/","og_locale":"es_ES","og_type":"article","og_title":"Unidad m\u00f3vil | Options for Her | Cherry Hill, Trenton, & Ocean City, NJ","og_description":"Read more about Unidad m\u00f3vil in this page. Options for Her offers free pregnancy services for women in Cherry Hill, Trenton, and Ocean City, NJ. Contact us.","og_url":"https:\/\/optionsforher.org\/es\/servicios\/unidad-movil\/","og_site_name":"Options for Her","article_modified_time":"2024-05-09T21:08:37+00:00","og_image":[{"width":343,"height":351,"url":"https:\/\/optionsforher.org\/wp-content\/uploads\/2023\/08\/mobile-unit-black.png","type":"image\/png"}],"twitter_card":"summary_large_image","twitter_misc":{"Est. reading time":"2 minutes"},"schema":{"@context":"https:\/\/schema.org","@graph":[{"@type":"WebPage","@id":"https:\/\/optionsforher.org\/es\/servicios\/unidad-movil\/","url":"https:\/\/optionsforher.org\/es\/servicios\/unidad-movil\/","name":"Unidad m\u00f3vil | Options for Her | Cherry Hill, Trenton, & Ocean City, NJ","isPartOf":{"@id":"https:\/\/optionsforher.org\/#website"},"primaryImageOfPage":{"@id":"https:\/\/optionsforher.org\/es\/servicios\/unidad-movil\/#primaryimage"},"image":{"@id":"https:\/\/optionsforher.org\/es\/servicios\/unidad-movil\/#primaryimage"},"thumbnailUrl":"https:\/\/optionsforher.org\/wp-content\/uploads\/2023\/08\/mobile-unit-black.png","datePublished":"2023-05-11T10:44:08+00:00","dateModified":"2024-05-09T21:08:37+00:00","description":"Read more about Unidad m\u00f3vil in this page. Options for Her offers free pregnancy services for women in Cherry Hill, Trenton, and Ocean City, NJ. Contact us.","breadcrumb":{"@id":"https:\/\/optionsforher.org\/es\/servicios\/unidad-movil\/#breadcrumb"},"inLanguage":"es-ES","potentialAction":[{"@type":"ReadAction","target":["https:\/\/optionsforher.org\/es\/servicios\/unidad-movil\/"]}]},{"@type":"ImageObject","inLanguage":"es-ES","@id":"https:\/\/optionsforher.org\/es\/servicios\/unidad-movil\/#primaryimage","url":"https:\/\/optionsforher.org\/wp-content\/uploads\/2023\/08\/mobile-unit-black.png","contentUrl":"https:\/\/optionsforher.org\/wp-content\/uploads\/2023\/08\/mobile-unit-black.png","width":343,"height":351},{"@type":"BreadcrumbList","@id":"https:\/\/optionsforher.org\/es\/servicios\/unidad-movil\/#breadcrumb","itemListElement":[{"@type":"ListItem","position":1,"name":"Home","item":"https:\/\/optionsforher.org\/es\/"},{"@type":"ListItem","position":2,"name":"Servicios","item":"https:\/\/optionsforher.org\/servicios\/"},{"@type":"ListItem","position":3,"name":"Unidad m\u00f3vil"}]},{"@type":"WebSite","@id":"https:\/\/optionsforher.org\/#website","url":"https:\/\/optionsforher.org\/","name":"Options for Her","description":"","potentialAction":[{"@type":"SearchAction","target":{"@type":"EntryPoint","urlTemplate":"https:\/\/optionsforher.org\/?s={search_term_string}"},"query-input":{"@type":"PropertyValueSpecification","valueRequired":true,"valueName":"search_term_string"}}],"inLanguage":"es-ES"}]}},"_links":{"self":[{"href":"https:\/\/optionsforher.org\/es\/wp-json\/wp\/v2\/pages\/7318","targetHints":{"allow":["GET"]}}],"collection":[{"href":"https:\/\/optionsforher.org\/es\/wp-json\/wp\/v2\/pages"}],"about":[{"href":"https:\/\/optionsforher.org\/es\/wp-json\/wp\/v2\/types\/page"}],"author":[{"embeddable":true,"href":"https:\/\/optionsforher.org\/es\/wp-json\/wp\/v2\/users\/12"}],"replies":[{"embeddable":true,"href":"https:\/\/optionsforher.org\/es\/wp-json\/wp\/v2\/comments?post=7318"}],"version-history":[{"count":6,"href":"https:\/\/optionsforher.org\/es\/wp-json\/wp\/v2\/pages\/7318\/revisions"}],"predecessor-version":[{"id":7485,"href":"https:\/\/optionsforher.org\/es\/wp-json\/wp\/v2\/pages\/7318\/revisions\/7485"}],"up":[{"embeddable":true,"href":"https:\/\/optionsforher.org\/es\/wp-json\/wp\/v2\/pages\/7376"}],"wp:featuredmedia":[{"embeddable":true,"href":"https:\/\/optionsforher.org\/es\/wp-json\/wp\/v2\/media\/7266"}],"wp:attachment":[{"href":"https:\/\/optionsforher.org\/es\/wp-json\/wp\/v2\/media?parent=7318"}],"curies":[{"name":"wp","href":"https:\/\/api.w.org\/{rel}","templated":true}]}}