{"id":7294,"date":"2024-04-07T21:14:31","date_gmt":"2024-04-08T01:14:31","guid":{"rendered":"https:\/\/optionsforher.org\/clases\/"},"modified":"2024-05-09T18:05:28","modified_gmt":"2024-05-09T22:05:28","slug":"clases","status":"publish","type":"page","link":"https:\/\/optionsforher.org\/es\/programas\/clases\/","title":{"rendered":"Clases"},"content":{"rendered":"\n<figure class=\"wp-block-image size-full is-resized\"><img loading=\"lazy\" decoding=\"async\" width=\"840\" height=\"840\" src=\"https:\/\/optionsforher.org\/wp-content\/uploads\/2024\/04\/Options_Single-Moms-101-Webbox-2024-2.jpg\" alt=\"\" class=\"wp-image-7106\" style=\"width:264px;height:auto\" srcset=\"https:\/\/optionsforher.org\/wp-content\/uploads\/2024\/04\/Options_Single-Moms-101-Webbox-2024-2.jpg 840w, https:\/\/optionsforher.org\/wp-content\/uploads\/2024\/04\/Options_Single-Moms-101-Webbox-2024-2-300x300.jpg 300w, https:\/\/optionsforher.org\/wp-content\/uploads\/2024\/04\/Options_Single-Moms-101-Webbox-2024-2-150x150.jpg 150w, https:\/\/optionsforher.org\/wp-content\/uploads\/2024\/04\/Options_Single-Moms-101-Webbox-2024-2-768x768.jpg 768w, https:\/\/optionsforher.org\/wp-content\/uploads\/2024\/04\/Options_Single-Moms-101-Webbox-2024-2-120x120.jpg 120w\" sizes=\"auto, (max-width: 840px) 100vw, 840px\" \/><\/figure>\n<h2 class=\"wp-block-heading\"><strong>\u00a1Madres solteras 101 con Options for Her!<\/strong><\/h2>\n\n<p>\u00a1\u00danete a nosotras en Madres solteras 101! Una clase de 5 semanas que explorar\u00e1 los posibles retos e hitos que encontrar\u00e1s al abrazar la maternidad como madre soltera. Algunos de los temas que se tratar\u00e1n son consejos de crianza, autocuidado y crianza de ni\u00f1os dif\u00edciles. <\/p>\n\n<p>\u00a1En esta clase se utilizar\u00e1 el plan de estudios* de Single Moms University, una de las mayores plataformas de habilidades para la vida disponibles, dise\u00f1ada espec\u00edficamente pensando en las madres solteras! <\/p>\n\n<p>\u00a1<a href=\"https:\/\/secure.fundeasy.com\/ministrysync\/event\/home.php?e=27199\" target=\"_blank\" rel=\"noreferrer noopener external\" data-wpel-link=\"external\">INSCR\u00cdBETE<\/a> HOY <a href=\"https:\/\/secure.fundeasy.com\/ministrysync\/event\/home.php?e=27199\" target=\"_blank\" rel=\"noreferrer noopener external\" data-wpel-link=\"external\">AQU\u00cd<\/a>!<br\/>Una vez inscrito, recibir\u00e1s una notificaci\u00f3n por correo electr\u00f3nico con m\u00e1s detalles, fechas y horarios de esta clase. <br\/>\u00a1Para m\u00e1s informaci\u00f3n o respuestas a preguntas sobre nuestras pr\u00f3ximas clases, env\u00eda un correo electr\u00f3nico a Amy a abrown@optionsforher.org!<br\/>*Todos los materiales y el plan de estudios se proporcionar\u00e1n a quienes se inscriban sin costo alguno<\/p>\n\n<figure class=\"wp-block-image size-full is-resized\"><img loading=\"lazy\" decoding=\"async\" width=\"840\" height=\"840\" src=\"https:\/\/optionsforher.org\/wp-content\/uploads\/2024\/04\/Options_Birth-And-Beyond-SQ-Box-GENERIC-2024.jpg\" alt=\"\" class=\"wp-image-7134\" style=\"width:249px;height:auto\" srcset=\"https:\/\/optionsforher.org\/wp-content\/uploads\/2024\/04\/Options_Birth-And-Beyond-SQ-Box-GENERIC-2024.jpg 840w, https:\/\/optionsforher.org\/wp-content\/uploads\/2024\/04\/Options_Birth-And-Beyond-SQ-Box-GENERIC-2024-300x300.jpg 300w, https:\/\/optionsforher.org\/wp-content\/uploads\/2024\/04\/Options_Birth-And-Beyond-SQ-Box-GENERIC-2024-150x150.jpg 150w, https:\/\/optionsforher.org\/wp-content\/uploads\/2024\/04\/Options_Birth-And-Beyond-SQ-Box-GENERIC-2024-768x768.jpg 768w, https:\/\/optionsforher.org\/wp-content\/uploads\/2024\/04\/Options_Birth-And-Beyond-SQ-Box-GENERIC-2024-120x120.jpg 120w\" sizes=\"auto, (max-width: 840px) 100vw, 840px\" \/><\/figure>\n<h2 class=\"wp-block-heading\"><strong>\u00a1Nacimiento y m\u00e1s all\u00e1 con Options for Her!<\/strong><\/h2>\n\n<p><strong>\u00bfEst\u00e1s preparada para el beb\u00e9? <\/strong>\u00a1Te invitamos a unirte a nosotras para sentirte empoderada, iluminada y preparada para la maternidad con nuestra clase Birth &amp; Beyond! Esta clase de 6 semanas cubrir\u00e1 varios temas importantes, como los fundamentos del parto, qu\u00e9 esperar del posparto (emocional y f\u00edsicamente), los cuidados del beb\u00e9 y los fundamentos de la alimentaci\u00f3n, y una visi\u00f3n general de los primeros auxilios y la reanimaci\u00f3n cardiopulmonar. Las clases estar\u00e1n dirigidas por nuestras enfermeras diplomadas e incluir\u00e1n la oportunidad de hacer preguntas y respuestas con una enfermera con experiencia en partos y cuidados posparto\/reci\u00e9n nacidos.<\/p>\n\n<p><a href=\"https:\/\/secure.fundeasy.com\/ministrysync\/event\/?e=27577\" target=\"_blank\" rel=\"noreferrer noopener external\" data-wpel-link=\"external\">INSCR\u00cdBETE AQU\u00cd<\/a><strong> HOY MISMO<\/strong><\/p>\n\n<p><strong>Una vez inscrito, recibir\u00e1s una notificaci\u00f3n por correo electr\u00f3nico con m\u00e1s detalles, fechas y horarios de esta clase.<\/strong><\/p>\n\n<p>\u00a1Para m\u00e1s informaci\u00f3n o respuestas a preguntas sobre nuestras pr\u00f3ximas clases, env\u00eda un correo electr\u00f3nico a Addison a <a href=\"mailto:ablair@optionsforher.org\">ablair@optionsforher.org <\/a>hoy mismo!<\/p>\n\n<p>*Todos los materiales y el plan de estudios se proporcionar\u00e1n a quienes se inscriban sin costo alguno<\/p>\n\n<figure class=\"wp-block-image size-full is-resized\"><img loading=\"lazy\" decoding=\"async\" width=\"840\" height=\"840\" src=\"https:\/\/optionsforher.org\/wp-content\/uploads\/2024\/04\/Options_Healing-and-Hope-Abortion-Recovery-Class-Webbox-2024.jpg\" alt=\"\" class=\"wp-image-7096\" style=\"width:266px;height:auto\" srcset=\"https:\/\/optionsforher.org\/wp-content\/uploads\/2024\/04\/Options_Healing-and-Hope-Abortion-Recovery-Class-Webbox-2024.jpg 840w, https:\/\/optionsforher.org\/wp-content\/uploads\/2024\/04\/Options_Healing-and-Hope-Abortion-Recovery-Class-Webbox-2024-300x300.jpg 300w, https:\/\/optionsforher.org\/wp-content\/uploads\/2024\/04\/Options_Healing-and-Hope-Abortion-Recovery-Class-Webbox-2024-150x150.jpg 150w, https:\/\/optionsforher.org\/wp-content\/uploads\/2024\/04\/Options_Healing-and-Hope-Abortion-Recovery-Class-Webbox-2024-768x768.jpg 768w, https:\/\/optionsforher.org\/wp-content\/uploads\/2024\/04\/Options_Healing-and-Hope-Abortion-Recovery-Class-Webbox-2024-120x120.jpg 120w\" sizes=\"auto, (max-width: 840px) 100vw, 840px\" \/><\/figure>\n<h2 class=\"wp-block-heading\"><strong>\u00a1Sanaci\u00f3n y esperanza en las clases de recuperaci\u00f3n del aborto con Options for Her!<\/strong><\/h2>\n\n<p>\u00bfEst\u00e1s t\u00fa o alguien que conoces buscando sanaci\u00f3n, libertad y perd\u00f3n del dolor y la culpa que siguen al aborto? Te invitamos a que te unas a nosotras en nuestra clase de Sanaci\u00f3n y Esperanza del Aborto. Esta clase de 10 semanas ayudar\u00e1 a las mujeres a mirar las heridas y las emociones que acompa\u00f1an al aborto, y las guiar\u00e1 amorosamente hacia la gracia de Dios y Su renovaci\u00f3n de la mente. La sanaci\u00f3n y el perd\u00f3n no tienen una l\u00ednea de tiempo; ya lleves sufriendo d\u00edas, meses o incluso a\u00f1os, aqu\u00ed no se juzga a nadie. <\/p>\n\n<p>Esta clase utilizar\u00e1 SalvarUno: El Estudio de la Mujer*, escrito espec\u00edficamente para mujeres que buscan la liberaci\u00f3n tras un aborto. Este libro te servir\u00e1 tanto de gu\u00eda como de cuaderno de ejercicios.<\/p>\n\n<p>\u00danete a nosotras los mi\u00e9rcoles a partir del mi\u00e9rcoles 15 de mayo de 19:00 a 20:30 para aprender c\u00f3mo puedes confiar en nuestro amoroso Creador para tener el valor de liberarte del pasado y avanzar hacia un futuro lleno de gracia y redenci\u00f3n. \u00a1Inscr\u00edbete hoy <a href=\"https:\/\/secure.fundeasy.com\/ministrysync\/event\/home.php?e=27333\" data-wpel-link=\"external\" rel=\"external noopener noreferrer\">AQU\u00cd<\/a> en las Clases de Recuperaci\u00f3n de la Sanaci\u00f3n y la Esperanza tras un Aborto!<\/p>\n\n<p>\u00a1Para m\u00e1s informaci\u00f3n o respuestas a preguntas sobre nuestras pr\u00f3ximas clases, env\u00eda un correo electr\u00f3nico a Amy a abrown@optionsforher.org!<\/p>\n\n<p>*Todos los materiales y el plan de estudios se proporcionar\u00e1n a quienes se inscriban sin costo alguno.<\/p>\n","protected":false},"excerpt":{"rendered":"<p>Options for Her ofrece una variedad de clases educativas y diferentes recursos para proporcionar a nuestros clientes el conocimiento y las herramientas necesarias para tener \u00e9xito en sus viajes individuales. M\u00e1s informaci\u00f3n sobre nuestras clases y recursos<\/p>\n","protected":false},"author":12,"featured_media":0,"parent":7332,"menu_order":3,"comment_status":"closed","ping_status":"closed","template":"","meta":{"_acf_changed":false,"footnotes":""},"class_list":["post-7294","page","type-page","status-publish","hentry"],"acf":[],"yoast_head":"<!-- This site is optimized with the Yoast SEO plugin v27.4 - https:\/\/yoast.com\/product\/yoast-seo-wordpress\/ -->\n<title>Clases | Options for Her | Cherry Hill, Trenton, &amp; Ocean City, NJ<\/title>\n<meta name=\"description\" content=\"Read more about Clases in this page. Options for Her offers free pregnancy services for women in Cherry Hill, Trenton, and Ocean City, NJ. Contact us.\" \/>\n<meta name=\"robots\" content=\"index, follow, max-snippet:-1, max-image-preview:large, max-video-preview:-1\" \/>\n<link rel=\"canonical\" href=\"https:\/\/optionsforher.org\/es\/programas\/clases\/\" \/>\n<meta property=\"og:locale\" content=\"es_ES\" \/>\n<meta property=\"og:type\" content=\"article\" \/>\n<meta property=\"og:title\" content=\"Clases | Options for Her | Cherry Hill, Trenton, &amp; Ocean City, NJ\" \/>\n<meta property=\"og:description\" content=\"Read more about Clases in this page. Options for Her offers free pregnancy services for women in Cherry Hill, Trenton, and Ocean City, NJ. Contact us.\" \/>\n<meta property=\"og:url\" content=\"https:\/\/optionsforher.org\/es\/programas\/clases\/\" \/>\n<meta property=\"og:site_name\" content=\"Options for Her\" \/>\n<meta property=\"article:modified_time\" content=\"2024-05-09T22:05:28+00:00\" \/>\n<meta property=\"og:image\" content=\"https:\/\/optionsforher.org\/wp-content\/uploads\/2024\/04\/Options_Single-Moms-101-Webbox-2024-2.jpg\" \/>\n<meta name=\"twitter:card\" content=\"summary_large_image\" \/>\n<meta name=\"twitter:label1\" content=\"Est. reading time\" \/>\n\t<meta name=\"twitter:data1\" content=\"3 minutes\" \/>\n<!-- \/ Yoast SEO plugin. -->","yoast_head_json":{"title":"Clases | Options for Her | Cherry Hill, Trenton, & Ocean City, NJ","description":"Read more about Clases in this page. Options for Her offers free pregnancy services for women in Cherry Hill, Trenton, and Ocean City, NJ. Contact us.","robots":{"index":"index","follow":"follow","max-snippet":"max-snippet:-1","max-image-preview":"max-image-preview:large","max-video-preview":"max-video-preview:-1"},"canonical":"https:\/\/optionsforher.org\/es\/programas\/clases\/","og_locale":"es_ES","og_type":"article","og_title":"Clases | Options for Her | Cherry Hill, Trenton, & Ocean City, NJ","og_description":"Read more about Clases in this page. Options for Her offers free pregnancy services for women in Cherry Hill, Trenton, and Ocean City, NJ. Contact us.","og_url":"https:\/\/optionsforher.org\/es\/programas\/clases\/","og_site_name":"Options for Her","article_modified_time":"2024-05-09T22:05:28+00:00","og_image":[{"url":"https:\/\/optionsforher.org\/wp-content\/uploads\/2024\/04\/Options_Single-Moms-101-Webbox-2024-2.jpg","type":"","width":"","height":""}],"twitter_card":"summary_large_image","twitter_misc":{"Est. reading time":"3 minutes"},"schema":{"@context":"https:\/\/schema.org","@graph":[{"@type":"WebPage","@id":"https:\/\/optionsforher.org\/es\/programas\/clases\/","url":"https:\/\/optionsforher.org\/es\/programas\/clases\/","name":"Clases | Options for Her | Cherry Hill, Trenton, & Ocean City, NJ","isPartOf":{"@id":"https:\/\/optionsforher.org\/#website"},"primaryImageOfPage":{"@id":"https:\/\/optionsforher.org\/es\/programas\/clases\/#primaryimage"},"image":{"@id":"https:\/\/optionsforher.org\/es\/programas\/clases\/#primaryimage"},"thumbnailUrl":"https:\/\/optionsforher.org\/wp-content\/uploads\/2024\/04\/Options_Single-Moms-101-Webbox-2024-2.jpg","datePublished":"2024-04-08T01:14:31+00:00","dateModified":"2024-05-09T22:05:28+00:00","description":"Read more about Clases in this page. Options for Her offers free pregnancy services for women in Cherry Hill, Trenton, and Ocean City, NJ. Contact us.","breadcrumb":{"@id":"https:\/\/optionsforher.org\/es\/programas\/clases\/#breadcrumb"},"inLanguage":"es-ES","potentialAction":[{"@type":"ReadAction","target":["https:\/\/optionsforher.org\/es\/programas\/clases\/"]}]},{"@type":"ImageObject","inLanguage":"es-ES","@id":"https:\/\/optionsforher.org\/es\/programas\/clases\/#primaryimage","url":"https:\/\/optionsforher.org\/wp-content\/uploads\/2024\/04\/Options_Single-Moms-101-Webbox-2024-2.jpg","contentUrl":"https:\/\/optionsforher.org\/wp-content\/uploads\/2024\/04\/Options_Single-Moms-101-Webbox-2024-2.jpg"},{"@type":"BreadcrumbList","@id":"https:\/\/optionsforher.org\/es\/programas\/clases\/#breadcrumb","itemListElement":[{"@type":"ListItem","position":1,"name":"Home","item":"https:\/\/optionsforher.org\/es\/"},{"@type":"ListItem","position":2,"name":"Programas","item":"https:\/\/optionsforher.org\/es\/programas\/"},{"@type":"ListItem","position":3,"name":"Clases"}]},{"@type":"WebSite","@id":"https:\/\/optionsforher.org\/#website","url":"https:\/\/optionsforher.org\/","name":"Options for Her","description":"","potentialAction":[{"@type":"SearchAction","target":{"@type":"EntryPoint","urlTemplate":"https:\/\/optionsforher.org\/?s={search_term_string}"},"query-input":{"@type":"PropertyValueSpecification","valueRequired":true,"valueName":"search_term_string"}}],"inLanguage":"es-ES"}]}},"_links":{"self":[{"href":"https:\/\/optionsforher.org\/es\/wp-json\/wp\/v2\/pages\/7294","targetHints":{"allow":["GET"]}}],"collection":[{"href":"https:\/\/optionsforher.org\/es\/wp-json\/wp\/v2\/pages"}],"about":[{"href":"https:\/\/optionsforher.org\/es\/wp-json\/wp\/v2\/types\/page"}],"author":[{"embeddable":true,"href":"https:\/\/optionsforher.org\/es\/wp-json\/wp\/v2\/users\/12"}],"replies":[{"embeddable":true,"href":"https:\/\/optionsforher.org\/es\/wp-json\/wp\/v2\/comments?post=7294"}],"version-history":[{"count":5,"href":"https:\/\/optionsforher.org\/es\/wp-json\/wp\/v2\/pages\/7294\/revisions"}],"predecessor-version":[{"id":7500,"href":"https:\/\/optionsforher.org\/es\/wp-json\/wp\/v2\/pages\/7294\/revisions\/7500"}],"up":[{"embeddable":true,"href":"https:\/\/optionsforher.org\/es\/wp-json\/wp\/v2\/pages\/7332"}],"wp:attachment":[{"href":"https:\/\/optionsforher.org\/es\/wp-json\/wp\/v2\/media?parent=7294"}],"curies":[{"name":"wp","href":"https:\/\/api.w.org\/{rel}","templated":true}]}}